{"id":11448,"date":"2024-03-06T13:58:02","date_gmt":"2024-03-06T12:58:02","guid":{"rendered":"https:\/\/www.slovklima.sk\/a-regisztracio-sikeres-volt\/"},"modified":"2024-06-07T22:00:20","modified_gmt":"2024-06-07T20:00:20","slug":"a-regisztracio-sikeres-volt","status":"publish","type":"page","link":"https:\/\/www.slovklima.sk\/hu\/a-regisztracio-sikeres-volt\/","title":{"rendered":"A regisztr\u00e1ci\u00f3 sikeres volt"},"content":{"rendered":"<section class=\"wpb-content-wrapper\"><p>[vc_row css=&#8221;.vc_custom_1709631945134{margin-right: 150px !important;margin-left: 150px !important;}&#8221; woodmart_css_id=&#8221;65e6e99fb218e&#8221; responsive_spacing=&#8221;eyJwYXJhbV90eXBlIjoid29vZG1hcnRfcmVzcG9uc2l2ZV9zcGFjaW5nIiwic2VsZWN0b3JfaWQiOiI2NWU2ZTk5ZmIyMThlIiwic2hvcnRjb2RlIjoidmNfcm93IiwiZGF0YSI6eyJ0YWJsZXQiOnsibWFyZ2luLXJpZ2h0IjoiNTBweCIsIm1hcmdpbi1sZWZ0IjoiNTBweCJ9LCJtb2JpbGUiOnsibWFyZ2luLXJpZ2h0IjoiMCIsIm1hcmdpbi1sZWZ0IjoiMCJ9fX0=&#8221; mobile_bg_img_hidden=&#8221;no&#8221; tablet_bg_img_hidden=&#8221;no&#8221; woodmart_parallax=&#8221;0&#8243; woodmart_gradient_switch=&#8221;no&#8221; woodmart_box_shadow=&#8221;no&#8221; wd_z_index=&#8221;no&#8221; woodmart_disable_overflow=&#8221;0&#8243; row_reverse_mobile=&#8221;0&#8243; row_reverse_tablet=&#8221;0&#8243;][vc_column css_animation=&#8221;fadeIn&#8221; vertical_alignment=&#8221;eyJkZXZpY2VzIjp7ImRlc2t0b3AiOnsidmFsdWUiOiJjZW50ZXIifSwidGFibGV0Ijp7InZhbHVlIjoiIn0sIm1vYmlsZSI6eyJ2YWx1ZSI6IiJ9fX0=&#8221; horizontal_alignment=&#8221;eyJkZXZpY2VzIjp7ImRlc2t0b3AiOnsidmFsdWUiOiJjZW50ZXIifSwidGFibGV0Ijp7InZhbHVlIjoiIn0sIm1vYmlsZSI6eyJ2YWx1ZSI6IiJ9fX0=&#8221; woodmart_css_id=&#8221;65e6e987f01e3&#8243; parallax_scroll=&#8221;no&#8221; woodmart_sticky_column=&#8221;false&#8221; wd_collapsible_content_switcher=&#8221;no&#8221; wd_column_role_offcanvas_desktop=&#8221;no&#8221; wd_column_role_offcanvas_tablet=&#8221;no&#8221; wd_column_role_offcanvas_mobile=&#8221;no&#8221; wd_column_role_content_desktop=&#8221;no&#8221; wd_column_role_content_tablet=&#8221;no&#8221; wd_column_role_content_mobile=&#8221;no&#8221; mobile_bg_img_hidden=&#8221;no&#8221; tablet_bg_img_hidden=&#8221;no&#8221; woodmart_parallax=&#8221;0&#8243; woodmart_box_shadow=&#8221;no&#8221; responsive_spacing=&#8221;eyJwYXJhbV90eXBlIjoid29vZG1hcnRfcmVzcG9uc2l2ZV9zcGFjaW5nIiwic2VsZWN0b3JfaWQiOiI2NWU2ZTk4N2YwMWUzIiwic2hvcnRjb2RlIjoidmNfY29sdW1uIiwiZGF0YSI6eyJ0YWJsZXQiOnt9LCJtb2JpbGUiOnt9fX0=&#8221; mobile_reset_margin=&#8221;no&#8221; tablet_reset_margin=&#8221;no&#8221; wd_z_index=&#8221;no&#8221;]\n\t\t<div id=\"wd-65e868a2c2982\" class=\"title-wrapper wd-wpb wd-set-mb reset-last-child  wd-rs-65e868a2c2982 wd-title-color-default wd-title-style-default text-center  wd-width-enabled wd-underline-colored\" style=\"--wd-max-width: 50%;\">\n\t\t\t\n\t\t\t<div class=\"liner-continer\">\n\t\t\t\t<h4 class=\"woodmart-title-container title  wd-font-weight- wd-fontsize-l\" ><\/p>\n<h1>K\u00f6sz\u00f6nj\u00fck a regisztr\u00e1ci\u00f3t<\/h1>\n<p><\/h4>\n\t\t\t\t\t\t\t<\/div>\n\t\t\t\n\t\t\t\t\t\t\t<div class=\"title-after_title reset-last-child  wd-fontsize-xs\">Miut\u00e1n a rendszergazda j\u00f3v\u00e1hagyta, be tudsz jelentkezni, \u00e9s hozz\u00e1f\u00e9rhetsz a partner szekci\u00f3hoz.<\/div>\n\t\t\t\n\t\t\t\n\t\t<\/div>\n\t\t\n\t\t[\/vc_column][\/vc_row][vc_row][vc_column]<div id=\"wd-66615c0214509\" class=\" wd-rs-66615c0214509  wd-button-wrapper text-center\"><a href=\"\/\" title=\"Home\" class=\"btn btn-color-primary btn-style-default btn-shape-rectangle btn-size-default\">Vissza a f\u0151oldalra<\/a><\/div>[\/vc_column][\/vc_row]<\/p>\n<\/section>","protected":false},"excerpt":{"rendered":"<p>[vc_row css=&#8221;.vc_custom_1709631945134{margin-right: 150px !important;margin-left: 150px !important;}&#8221; woodmart_css_id=&#8221;65e6e99fb218e&#8221; responsive_spacing=&#8221;eyJwYXJhbV90eXBlIjoid29vZG1hcnRfcmVzcG9uc2l2ZV9zcGFjaW5nIiwic2VsZWN0b3JfaWQiOiI2NWU2ZTk5ZmIyMThlIiwic2hvcnRjb2RlIjoidmNfcm93IiwiZGF0YSI6eyJ0YWJsZXQiOnsibWFyZ2luLXJpZ2h0IjoiNTBweCIsIm1hcmdpbi1sZWZ0IjoiNTBweCJ9LCJtb2JpbGUiOnsibWFyZ2luLXJpZ2h0IjoiMCIsIm1hcmdpbi1sZWZ0IjoiMCJ9fX0=&#8221; mobile_bg_img_hidden=&#8221;no&#8221; tablet_bg_img_hidden=&#8221;no&#8221; woodmart_parallax=&#8221;0&#8243; woodmart_gradient_switch=&#8221;no&#8221; woodmart_box_shadow=&#8221;no&#8221; wd_z_index=&#8221;no&#8221; woodmart_disable_overflow=&#8221;0&#8243; row_reverse_mobile=&#8221;0&#8243; row_reverse_tablet=&#8221;0&#8243;][vc_column css_animation=&#8221;fadeIn&#8221; vertical_alignment=&#8221;eyJkZXZpY2VzIjp7ImRlc2t0b3AiOnsidmFsdWUiOiJjZW50ZXIifSwidGFibGV0Ijp7InZhbHVlIjoiIn0sIm1vYmlsZSI6eyJ2YWx1ZSI6IiJ9fX0=&#8221; horizontal_alignment=&#8221;eyJkZXZpY2VzIjp7ImRlc2t0b3AiOnsidmFsdWUiOiJjZW50ZXIifSwidGFibGV0Ijp7InZhbHVlIjoiIn0sIm1vYmlsZSI6eyJ2YWx1ZSI6IiJ9fX0=&#8221;<\/p>\n","protected":false},"author":1,"featured_media":0,"parent":0,"menu_order":0,"comment_status":"closed","ping_status":"closed","template":"","meta":{"footnotes":""},"class_list":["post-11448","page","type-page","status-publish","hentry"],"yoast_head":"<!-- This site is optimized with the Yoast SEO plugin v24.3 - https:\/\/yoast.com\/wordpress\/plugins\/seo\/ -->\n<title>A regisztr\u00e1ci\u00f3 sikeres volt | SLOVKLIMA DEIMOS group, s.r.o.<\/title>\n<meta name=\"robots\" content=\"index, follow, max-snippet:-1, max-image-preview:large, max-video-preview:-1\" \/>\n<link rel=\"canonical\" href=\"https:\/\/www.slovklima.sk\/hu\/a-regisztracio-sikeres-volt\/\" \/>\n<meta property=\"og:locale\" content=\"hu_HU\" \/>\n<meta property=\"og:type\" content=\"article\" \/>\n<meta property=\"og:title\" content=\"A regisztr\u00e1ci\u00f3 sikeres volt | SLOVKLIMA DEIMOS group, s.r.o.\" \/>\n<meta property=\"og:description\" content=\"[vc_row css=&#8221;.vc_custom_1709631945134{margin-right: 150px !important;margin-left: 150px !important;}&#8221; woodmart_css_id=&#8221;65e6e99fb218e&#8221; responsive_spacing=&#8221;eyJwYXJhbV90eXBlIjoid29vZG1hcnRfcmVzcG9uc2l2ZV9zcGFjaW5nIiwic2VsZWN0b3JfaWQiOiI2NWU2ZTk5ZmIyMThlIiwic2hvcnRjb2RlIjoidmNfcm93IiwiZGF0YSI6eyJ0YWJsZXQiOnsibWFyZ2luLXJpZ2h0IjoiNTBweCIsIm1hcmdpbi1sZWZ0IjoiNTBweCJ9LCJtb2JpbGUiOnsibWFyZ2luLXJpZ2h0IjoiMCIsIm1hcmdpbi1sZWZ0IjoiMCJ9fX0=&#8221; mobile_bg_img_hidden=&#8221;no&#8221; tablet_bg_img_hidden=&#8221;no&#8221; woodmart_parallax=&#8221;0&#8243; woodmart_gradient_switch=&#8221;no&#8221; woodmart_box_shadow=&#8221;no&#8221; wd_z_index=&#8221;no&#8221; woodmart_disable_overflow=&#8221;0&#8243; row_reverse_mobile=&#8221;0&#8243; row_reverse_tablet=&#8221;0&#8243;][vc_column css_animation=&#8221;fadeIn&#8221; vertical_alignment=&#8221;eyJkZXZpY2VzIjp7ImRlc2t0b3AiOnsidmFsdWUiOiJjZW50ZXIifSwidGFibGV0Ijp7InZhbHVlIjoiIn0sIm1vYmlsZSI6eyJ2YWx1ZSI6IiJ9fX0=&#8221; horizontal_alignment=&#8221;eyJkZXZpY2VzIjp7ImRlc2t0b3AiOnsidmFsdWUiOiJjZW50ZXIifSwidGFibGV0Ijp7InZhbHVlIjoiIn0sIm1vYmlsZSI6eyJ2YWx1ZSI6IiJ9fX0=&#8221;\" \/>\n<meta property=\"og:url\" content=\"https:\/\/www.slovklima.sk\/hu\/a-regisztracio-sikeres-volt\/\" \/>\n<meta property=\"og:site_name\" content=\"SLOVKLIMA DEIMOS group, s.r.o.\" \/>\n<meta property=\"article:modified_time\" content=\"2024-06-07T20:00:20+00:00\" \/>\n<meta property=\"og:image\" content=\"https:\/\/www.slovklima.sk\/wp-content\/uploads\/2025\/03\/slovklima-logo-sk.jpg\" \/>\n\t<meta property=\"og:image:width\" content=\"500\" \/>\n\t<meta property=\"og:image:height\" content=\"230\" \/>\n\t<meta property=\"og:image:type\" content=\"image\/jpeg\" \/>\n<meta name=\"twitter:card\" content=\"summary_large_image\" \/>\n<meta name=\"twitter:label1\" content=\"Becs\u00fclt olvas\u00e1si id\u0151\" \/>\n\t<meta name=\"twitter:data1\" content=\"1 perc\" \/>\n<script type=\"application\/ld+json\" class=\"yoast-schema-graph\">{\"@context\":\"https:\/\/schema.org\",\"@graph\":[{\"@type\":\"WebPage\",\"@id\":\"https:\/\/www.slovklima.sk\/hu\/a-regisztracio-sikeres-volt\/\",\"url\":\"https:\/\/www.slovklima.sk\/hu\/a-regisztracio-sikeres-volt\/\",\"name\":\"A regisztr\u00e1ci\u00f3 sikeres volt | SLOVKLIMA DEIMOS group, s.r.o.\",\"isPartOf\":{\"@id\":\"https:\/\/www.slovklima.sk\/#website\"},\"datePublished\":\"2024-03-06T12:58:02+00:00\",\"dateModified\":\"2024-06-07T20:00:20+00:00\",\"breadcrumb\":{\"@id\":\"https:\/\/www.slovklima.sk\/hu\/a-regisztracio-sikeres-volt\/#breadcrumb\"},\"inLanguage\":\"hu\",\"potentialAction\":[{\"@type\":\"ReadAction\",\"target\":[\"https:\/\/www.slovklima.sk\/hu\/a-regisztracio-sikeres-volt\/\"]}]},{\"@type\":\"BreadcrumbList\",\"@id\":\"https:\/\/www.slovklima.sk\/hu\/a-regisztracio-sikeres-volt\/#breadcrumb\",\"itemListElement\":[{\"@type\":\"ListItem\",\"position\":1,\"name\":\"Domovsk\u00e1 str\u00e1nka\",\"item\":\"https:\/\/www.slovklima.sk\/hu\/\"},{\"@type\":\"ListItem\",\"position\":2,\"name\":\"A regisztr\u00e1ci\u00f3 sikeres volt\"}]},{\"@type\":\"WebSite\",\"@id\":\"https:\/\/www.slovklima.sk\/#website\",\"url\":\"https:\/\/www.slovklima.sk\/\",\"name\":\"SLOVKLIMA DEIMOS group, s.r.o.\",\"description\":\"\",\"publisher\":{\"@id\":\"https:\/\/www.slovklima.sk\/#organization\"},\"alternateName\":\"SLOVKLIMA\",\"potentialAction\":[{\"@type\":\"SearchAction\",\"target\":{\"@type\":\"EntryPoint\",\"urlTemplate\":\"https:\/\/www.slovklima.sk\/?s={search_term_string}\"},\"query-input\":{\"@type\":\"PropertyValueSpecification\",\"valueRequired\":true,\"valueName\":\"search_term_string\"}}],\"inLanguage\":\"hu\"},{\"@type\":\"Organization\",\"@id\":\"https:\/\/www.slovklima.sk\/#organization\",\"name\":\"SLOVKLIMA DEIMOS group, s.r.o.\",\"alternateName\":\"SLOVKLIMA\",\"url\":\"https:\/\/www.slovklima.sk\/\",\"logo\":{\"@type\":\"ImageObject\",\"inLanguage\":\"hu\",\"@id\":\"https:\/\/www.slovklima.sk\/#\/schema\/logo\/image\/\",\"url\":\"https:\/\/www.slovklima.sk\/wp-content\/uploads\/2022\/12\/slovklima-logo-black.svg\",\"contentUrl\":\"https:\/\/www.slovklima.sk\/wp-content\/uploads\/2022\/12\/slovklima-logo-black.svg\",\"width\":3218,\"height\":698,\"caption\":\"SLOVKLIMA DEIMOS group, s.r.o.\"},\"image\":{\"@id\":\"https:\/\/www.slovklima.sk\/#\/schema\/logo\/image\/\"}}]}<\/script>\n<!-- \/ Yoast SEO plugin. -->","yoast_head_json":{"title":"A regisztr\u00e1ci\u00f3 sikeres volt | SLOVKLIMA DEIMOS group, s.r.o.","robots":{"index":"index","follow":"follow","max-snippet":"max-snippet:-1","max-image-preview":"max-image-preview:large","max-video-preview":"max-video-preview:-1"},"canonical":"https:\/\/www.slovklima.sk\/hu\/a-regisztracio-sikeres-volt\/","og_locale":"hu_HU","og_type":"article","og_title":"A regisztr\u00e1ci\u00f3 sikeres volt | SLOVKLIMA DEIMOS group, s.r.o.","og_description":"[vc_row css=&#8221;.vc_custom_1709631945134{margin-right: 150px !important;margin-left: 150px !important;}&#8221; woodmart_css_id=&#8221;65e6e99fb218e&#8221; responsive_spacing=&#8221;eyJwYXJhbV90eXBlIjoid29vZG1hcnRfcmVzcG9uc2l2ZV9zcGFjaW5nIiwic2VsZWN0b3JfaWQiOiI2NWU2ZTk5ZmIyMThlIiwic2hvcnRjb2RlIjoidmNfcm93IiwiZGF0YSI6eyJ0YWJsZXQiOnsibWFyZ2luLXJpZ2h0IjoiNTBweCIsIm1hcmdpbi1sZWZ0IjoiNTBweCJ9LCJtb2JpbGUiOnsibWFyZ2luLXJpZ2h0IjoiMCIsIm1hcmdpbi1sZWZ0IjoiMCJ9fX0=&#8221; mobile_bg_img_hidden=&#8221;no&#8221; tablet_bg_img_hidden=&#8221;no&#8221; woodmart_parallax=&#8221;0&#8243; woodmart_gradient_switch=&#8221;no&#8221; woodmart_box_shadow=&#8221;no&#8221; wd_z_index=&#8221;no&#8221; woodmart_disable_overflow=&#8221;0&#8243; row_reverse_mobile=&#8221;0&#8243; row_reverse_tablet=&#8221;0&#8243;][vc_column css_animation=&#8221;fadeIn&#8221; vertical_alignment=&#8221;eyJkZXZpY2VzIjp7ImRlc2t0b3AiOnsidmFsdWUiOiJjZW50ZXIifSwidGFibGV0Ijp7InZhbHVlIjoiIn0sIm1vYmlsZSI6eyJ2YWx1ZSI6IiJ9fX0=&#8221; horizontal_alignment=&#8221;eyJkZXZpY2VzIjp7ImRlc2t0b3AiOnsidmFsdWUiOiJjZW50ZXIifSwidGFibGV0Ijp7InZhbHVlIjoiIn0sIm1vYmlsZSI6eyJ2YWx1ZSI6IiJ9fX0=&#8221;","og_url":"https:\/\/www.slovklima.sk\/hu\/a-regisztracio-sikeres-volt\/","og_site_name":"SLOVKLIMA DEIMOS group, s.r.o.","article_modified_time":"2024-06-07T20:00:20+00:00","og_image":[{"width":500,"height":230,"url":"https:\/\/www.slovklima.sk\/wp-content\/uploads\/2025\/03\/slovklima-logo-sk.jpg","type":"image\/jpeg"}],"twitter_card":"summary_large_image","twitter_misc":{"Becs\u00fclt olvas\u00e1si id\u0151":"1 perc"},"schema":{"@context":"https:\/\/schema.org","@graph":[{"@type":"WebPage","@id":"https:\/\/www.slovklima.sk\/hu\/a-regisztracio-sikeres-volt\/","url":"https:\/\/www.slovklima.sk\/hu\/a-regisztracio-sikeres-volt\/","name":"A regisztr\u00e1ci\u00f3 sikeres volt | SLOVKLIMA DEIMOS group, s.r.o.","isPartOf":{"@id":"https:\/\/www.slovklima.sk\/#website"},"datePublished":"2024-03-06T12:58:02+00:00","dateModified":"2024-06-07T20:00:20+00:00","breadcrumb":{"@id":"https:\/\/www.slovklima.sk\/hu\/a-regisztracio-sikeres-volt\/#breadcrumb"},"inLanguage":"hu","potentialAction":[{"@type":"ReadAction","target":["https:\/\/www.slovklima.sk\/hu\/a-regisztracio-sikeres-volt\/"]}]},{"@type":"BreadcrumbList","@id":"https:\/\/www.slovklima.sk\/hu\/a-regisztracio-sikeres-volt\/#breadcrumb","itemListElement":[{"@type":"ListItem","position":1,"name":"Domovsk\u00e1 str\u00e1nka","item":"https:\/\/www.slovklima.sk\/hu\/"},{"@type":"ListItem","position":2,"name":"A regisztr\u00e1ci\u00f3 sikeres volt"}]},{"@type":"WebSite","@id":"https:\/\/www.slovklima.sk\/#website","url":"https:\/\/www.slovklima.sk\/","name":"SLOVKLIMA DEIMOS group, s.r.o.","description":"","publisher":{"@id":"https:\/\/www.slovklima.sk\/#organization"},"alternateName":"SLOVKLIMA","potentialAction":[{"@type":"SearchAction","target":{"@type":"EntryPoint","urlTemplate":"https:\/\/www.slovklima.sk\/?s={search_term_string}"},"query-input":{"@type":"PropertyValueSpecification","valueRequired":true,"valueName":"search_term_string"}}],"inLanguage":"hu"},{"@type":"Organization","@id":"https:\/\/www.slovklima.sk\/#organization","name":"SLOVKLIMA DEIMOS group, s.r.o.","alternateName":"SLOVKLIMA","url":"https:\/\/www.slovklima.sk\/","logo":{"@type":"ImageObject","inLanguage":"hu","@id":"https:\/\/www.slovklima.sk\/#\/schema\/logo\/image\/","url":"https:\/\/www.slovklima.sk\/wp-content\/uploads\/2022\/12\/slovklima-logo-black.svg","contentUrl":"https:\/\/www.slovklima.sk\/wp-content\/uploads\/2022\/12\/slovklima-logo-black.svg","width":3218,"height":698,"caption":"SLOVKLIMA DEIMOS group, s.r.o."},"image":{"@id":"https:\/\/www.slovklima.sk\/#\/schema\/logo\/image\/"}}]}},"_links":{"self":[{"href":"https:\/\/www.slovklima.sk\/hu\/wp-json\/wp\/v2\/pages\/11448","targetHints":{"allow":["GET"]}}],"collection":[{"href":"https:\/\/www.slovklima.sk\/hu\/wp-json\/wp\/v2\/pages"}],"about":[{"href":"https:\/\/www.slovklima.sk\/hu\/wp-json\/wp\/v2\/types\/page"}],"author":[{"embeddable":true,"href":"https:\/\/www.slovklima.sk\/hu\/wp-json\/wp\/v2\/users\/1"}],"replies":[{"embeddable":true,"href":"https:\/\/www.slovklima.sk\/hu\/wp-json\/wp\/v2\/comments?post=11448"}],"version-history":[{"count":0,"href":"https:\/\/www.slovklima.sk\/hu\/wp-json\/wp\/v2\/pages\/11448\/revisions"}],"wp:attachment":[{"href":"https:\/\/www.slovklima.sk\/hu\/wp-json\/wp\/v2\/media?parent=11448"}],"curies":[{"name":"wp","href":"https:\/\/api.w.org\/{rel}","templated":true}]}}