{"id":11423,"date":"2023-04-11T19:37:05","date_gmt":"2023-04-11T17:37:05","guid":{"rendered":"https:\/\/www.slovklima.sk\/cookie-szabalyzat\/"},"modified":"2024-06-07T12:30:46","modified_gmt":"2024-06-07T10:30:46","slug":"cookie-szabalyzat","status":"publish","type":"page","link":"https:\/\/www.slovklima.sk\/hu\/cookie-szabalyzat\/","title":{"rendered":"Cookie szab\u00e1lyzat"},"content":{"rendered":"<section class=\"wpb-content-wrapper\"><p>[vc_row][vc_column][vc_column_text woodmart_inline=&#8221;no&#8221; text_larger=&#8221;no&#8221;]<\/p>\n<h2>Mik azok a s\u00fctik?<\/h2>\n<p>A s\u00fctik olyan kis sz\u00f6veges f\u00e1jlok, amelyeket egy webszerver hoz l\u00e9tre, \u00e9s az \u00d6n sz\u00e1m\u00edt\u00f3g\u00e9p\u00e9n vagy mobileszk\u00f6z\u00e9n t\u00e1rolnak, amikor \u00d6n az interneten b\u00f6ng\u00e9szik. Ezeknek a f\u00e1jloknak k\u00f6sz\u00f6nhet\u0151en a webszerver egy bizonyos ideig megjegyzi az \u00d6n mozg\u00e1sait \u00e9s be\u00e1ll\u00edt\u00e1sait a weboldalon (pl. nyelv, bet\u0171m\u00e9ret stb.), \u00e9s a k\u00f6vetkez\u0151 l\u00e1togat\u00e1skor nem kell ezeket \u00fajra megadnia. A legt\u00f6bb weboldal \u00e9s web\u00e1ruh\u00e1z s\u00fctiket haszn\u00e1l.<\/p>\n<h2>A s\u00fctik eloszt\u00e1sa<\/h2>\n<p>A s\u00fctiket tart\u00f3ss\u00e1guk szerint a k\u00f6vetkez\u0151kre lehet osztani:<\/p>\n<ul>\n<li>R\u00f6vid t\u00e1v\u00fa (munkamenet s\u00fctik) &#8211; a b\u00f6ng\u00e9sz\u0151 bez\u00e1r\u00e1sakor t\u00f6rl\u0151dnek a sz\u00e1m\u00edt\u00f3g\u00e9p\u00e9r\u0151l.<\/li>\n<li>Hossz\u00fa t\u00e1v\u00fa (tart\u00f3s s\u00fctik) &#8211; ezek a b\u00f6ng\u00e9sz\u0151 bez\u00e1r\u00e1sa ut\u00e1n is a sz\u00e1m\u00edt\u00f3g\u00e9p\u00e9n maradnak, \u00e9s nagyon hossz\u00fa id\u0151 ut\u00e1n t\u00f6rl\u0151dnek. (A b\u00f6ng\u00e9sz\u0151 be\u00e1ll\u00edt\u00e1sait\u00f3l f\u00fcgg\u0151en). Manu\u00e1lisan is t\u00f6r\u00f6lheti \u0151ket.<\/li>\n<\/ul>\n<p>C\u00e9ljuk szerint a k\u00f6vetkez\u0151kre oszthatjuk \u0151ket:<\/p>\n<ul>\n<li>Technikai &#8211; alapvet\u0151 webhely- vagy oldalfunkci\u00f3khoz (vide\u00f3lej\u00e1tsz\u00e1s, tartalommegoszt\u00e1s, bejelentkez\u00e9s)<\/li>\n<li>Analitikai &#8211; nem anonim adatok gy\u0171jt\u00e9se az \u00d6n viselked\u00e9s\u00e9r\u0151l. Ennek alapj\u00e1n m\u00f3dos\u00edthatjuk a weboldalt, hogy felhaszn\u00e1l\u00f3bar\u00e1tabb\u00e1 tegy\u00fck.<\/li>\n<li>Remarketing &#8211; a felhaszn\u00e1l\u00f3nak sz\u00f3l\u00f3 hirdet\u00e9sek c\u00e9lzott megc\u00e9lz\u00e1s\u00e1ra szolg\u00e1l<\/li>\n<\/ul>\n<h2>Hogyan haszn\u00e1ljuk a s\u00fctiket?<\/h2>\n<p>Ez a weboldal cookie-kat haszn\u00e1l:<\/p>\n<ul>\n<li>Az oldal sz\u00fcks\u00e9ges funkcionalit\u00e1s\u00e1hoz<\/li>\n<li>A felhaszn\u00e1l\u00f3i be\u00e1ll\u00edt\u00e1sok megjegyz\u00e9se<\/li>\n<li>N\u00e9vtelen statisztikai adatok gy\u0171jt\u00e9se a l\u00e1togat\u00f3kr\u00f3l<\/li>\n<li>A jobb hirdet\u00e9s testreszab\u00e1s \u00e9s a k\u00f6z\u00f6ss\u00e9gi megoszt\u00e1s \u00e9rdek\u00e9ben<\/li>\n<\/ul>\n<h2>Milyen s\u00fctiket haszn\u00e1lunk?<\/h2>\n<h3>Google Analytics<\/h3>\n<p>A Google Analytics szolg\u00e1ltat\u00e1st a Google, Inc. Arra haszn\u00e1lj\u00e1k, hogy anonimiz\u00e1lt statisztikai adatokat gy\u0171jtsenek a weboldal felhaszn\u00e1l\u00f3k \u00e1ltali haszn\u00e1lat\u00e1r\u00f3l. A szolg\u00e1ltat\u00e1s ig\u00e9nybev\u00e9tel\u00e9nek c\u00e9lja, hogy jobban meg\u00e9rts\u00fck l\u00e1togat\u00f3ink ig\u00e9nyeit, \u00e9s megbizonyosodjunk arr\u00f3l, hogy el\u00e9gedettek. A Google Analytics inform\u00e1ci\u00f3kat t\u00e1rol arr\u00f3l, hogy \u00d6n milyen oldalakat l\u00e1togat meg, mennyi ideig tart\u00f3zkodik azokon, honnan \u00e9rkezett, \u00e9s milyen linkekre kattint. Minden inform\u00e1ci\u00f3t \u00e9s s\u00fctit a Google, Inc. tov\u00e1bb\u00edt \u00e9s t\u00e1rol az Amerikai Egyes\u00fclt \u00c1llamokban tal\u00e1lhat\u00f3 szervereken. Ezek az adatok nem tartalmaznak olyan bizalmas inform\u00e1ci\u00f3kat, amelyek lehet\u0151v\u00e9 tenn\u00e9k sz\u00e1munkra egy adott l\u00e1togat\u00f3 azonos\u00edt\u00e1s\u00e1t. Ezen inform\u00e1ci\u00f3k meg\u0151rz\u00e9si ideje hat\u00e1rozatlan id\u0151re van be\u00e1ll\u00edtva. A Google, Inc. nyilv\u00e1noss\u00e1gra hozhatja ezeket az adatokat harmadik felek sz\u00e1m\u00e1ra, ha erre t\u00f6rv\u00e9ny k\u00f6telezi.<\/p>\n<p>Az adatv\u00e9delemmel kapcsolatos tov\u00e1bbi inform\u00e1ci\u00f3k\u00e9rt kattintson ide: <a href=\"https:\/\/support.google.com\/analytics\/topic\/2919631?hl=sk&amp;ref_topic=1008008\">https:\/\/support.google.com\/analytics\/topic\/2919631?hl=sk&amp;ref_topic=1008008<\/a><\/p>\n<p>A Google Analytics s\u00fctik elutas\u00edt\u00e1s\u00e1hoz sz\u00fcks\u00e9ges szoftverb\u0151v\u00edtm\u00e9ny telep\u00edt\u00e9s\u00e9hez kattintson ide: <a href=\"https:\/\/tools.google.com\/dlpage\/gaoptout\">https:\/\/tools.google.com\/dlpage\/gaoptou<\/a><\/p>\n<h3>Facebook<\/h3>\n<p>A Facebook, Inc. cookie-kat haszn\u00e1l a like \u00e9s share gombok kiszolg\u00e1l\u00e1s\u00e1ra, hogy a weboldal l\u00e1togat\u00f3i gyorsabban \u00e9s k\u00e9nyelmesebben megoszthass\u00e1k az \u00d6n weboldal\u00e1n megjelen\u0151 inform\u00e1ci\u00f3kat. (pl. cikkek, term\u00e9kek, portf\u00f3li\u00f3 stb.) A Facebook, Inc. \u00e1ltal haszn\u00e1lt s\u00fctikr\u0151l tov\u00e1bbi inform\u00e1ci\u00f3kat itt tal\u00e1l: <a href=\"https:\/\/sk-sk.facebook.com\/policies\/cookies\/\">https:\/\/sk-sk.facebook.com\/policies\/cookies\/<\/a>.<br \/>\nB\u00f6ng\u00e9sz\u0151 be\u00e1ll\u00edt\u00e1sok<\/p>\n<p>A legt\u00f6bb webb\u00f6ng\u00e9sz\u0151 be\u00e1ll\u00edthat\u00f3 \u00fagy, hogy blokkolja a s\u00fctiket. Ennek ellen\u00e9re el\u0151fordulhat, hogy a weboldal egyes elemei nem m\u0171k\u00f6dnek megfelel\u0151en. A cookie-be\u00e1ll\u00edt\u00e1sok \u00e1ltal\u00e1ban a &#8222;Be\u00e1ll\u00edt\u00e1sok&#8221; vagy a &#8222;Be\u00e1ll\u00edt\u00e1sok&#8221; f\u00fcl\u00f6n tal\u00e1lhat\u00f3k.<\/p>\n<p>B\u00f6ng\u00e9sz\u0151-specifikus cookie-be\u00e1ll\u00edt\u00e1sok:<\/p>\n<ul>\n<li>Internet Explorer &#8211; <a href=\"https:\/\/support.microsoft.com\/sk-sk\/help\/17442\/windows-internet-explorer-delete-manage-cookies\">https:\/\/support.microsoft.com\/sk-sk\/help\/17442\/windows-internet-explorer-delete-manage-cookies<\/a><\/li>\n<li>Mozilla Firefox &#8211; <a href=\"https:\/\/support.mozilla.org\/sk\/kb\/Spr%C3%A1va%20cookies\">%C3%<\/a><\/li>\n<li>Google Chrome &#8211; <a href=\"https:\/\/support.google.com\/chrome\/answer\/95647?hl=sk\">https:\/\/support.google.com\/chrome\/answer\/95647?hl=sk<\/a><\/li>\n<li>Szafari &#8211; <a href=\"https:\/\/support.apple.com\/kb\/ph21411?locale=sk_SK\">https:\/\/support.apple.com\/kb\/ph21411?locale=sk_SK<\/a><\/li>\n<\/ul>\n<p>A s\u00fctikr\u0151l \u00e9s azok haszn\u00e1lat\u00e1r\u00f3l tov\u00e1bbi inform\u00e1ci\u00f3kat a <a href=\"https:\/\/www.aboutcookies.org\/\">https:\/\/aboutcookies.org\/<\/a> oldalon tal\u00e1l.[\/vc_column_text][\/vc_column][\/vc_row]<\/p>\n<\/section>","protected":false},"excerpt":{"rendered":"<p>[vc_row][vc_column][vc_column_text woodmart_inline=&#8221;no&#8221; text_larger=&#8221;no&#8221;] Mik azok a s\u00fctik? A s\u00fctik olyan kis sz\u00f6veges f\u00e1jlok, amelyeket egy webszerver hoz l\u00e9tre, \u00e9s az<\/p>\n","protected":false},"author":1,"featured_media":0,"parent":0,"menu_order":0,"comment_status":"closed","ping_status":"closed","template":"","meta":{"footnotes":""},"class_list":["post-11423","page","type-page","status-publish","hentry"],"yoast_head":"<!-- This site is optimized with the Yoast SEO plugin v24.3 - https:\/\/yoast.com\/wordpress\/plugins\/seo\/ -->\n<title>Cookie szab\u00e1lyzat | SLOVKLIMA DEIMOS group, s.r.o.<\/title>\n<meta name=\"robots\" content=\"index, follow, max-snippet:-1, max-image-preview:large, max-video-preview:-1\" \/>\n<link rel=\"canonical\" href=\"https:\/\/www.slovklima.sk\/hu\/cookie-szabalyzat\/\" \/>\n<meta property=\"og:locale\" content=\"hu_HU\" \/>\n<meta property=\"og:type\" content=\"article\" \/>\n<meta property=\"og:title\" content=\"Cookie szab\u00e1lyzat | SLOVKLIMA DEIMOS group, s.r.o.\" \/>\n<meta property=\"og:description\" content=\"[vc_row][vc_column][vc_column_text woodmart_inline=&#8221;no&#8221; text_larger=&#8221;no&#8221;] Mik azok a s\u00fctik? A s\u00fctik olyan kis sz\u00f6veges f\u00e1jlok, amelyeket egy webszerver hoz l\u00e9tre, \u00e9s az\" \/>\n<meta property=\"og:url\" content=\"https:\/\/www.slovklima.sk\/hu\/cookie-szabalyzat\/\" \/>\n<meta property=\"og:site_name\" content=\"SLOVKLIMA DEIMOS group, s.r.o.\" \/>\n<meta property=\"article:modified_time\" content=\"2024-06-07T10:30:46+00:00\" \/>\n<meta property=\"og:image\" content=\"https:\/\/www.slovklima.sk\/wp-content\/uploads\/2025\/03\/slovklima-logo-sk.jpg\" \/>\n\t<meta property=\"og:image:width\" content=\"500\" \/>\n\t<meta property=\"og:image:height\" content=\"230\" \/>\n\t<meta property=\"og:image:type\" content=\"image\/jpeg\" \/>\n<meta name=\"twitter:card\" content=\"summary_large_image\" \/>\n<meta name=\"twitter:label1\" content=\"Becs\u00fclt olvas\u00e1si id\u0151\" \/>\n\t<meta name=\"twitter:data1\" content=\"3 perc\" \/>\n<script type=\"application\/ld+json\" class=\"yoast-schema-graph\">{\"@context\":\"https:\/\/schema.org\",\"@graph\":[{\"@type\":\"WebPage\",\"@id\":\"https:\/\/www.slovklima.sk\/hu\/cookie-szabalyzat\/\",\"url\":\"https:\/\/www.slovklima.sk\/hu\/cookie-szabalyzat\/\",\"name\":\"Cookie szab\u00e1lyzat | SLOVKLIMA DEIMOS group, s.r.o.\",\"isPartOf\":{\"@id\":\"https:\/\/www.slovklima.sk\/#website\"},\"datePublished\":\"2023-04-11T17:37:05+00:00\",\"dateModified\":\"2024-06-07T10:30:46+00:00\",\"breadcrumb\":{\"@id\":\"https:\/\/www.slovklima.sk\/hu\/cookie-szabalyzat\/#breadcrumb\"},\"inLanguage\":\"hu\",\"potentialAction\":[{\"@type\":\"ReadAction\",\"target\":[\"https:\/\/www.slovklima.sk\/hu\/cookie-szabalyzat\/\"]}]},{\"@type\":\"BreadcrumbList\",\"@id\":\"https:\/\/www.slovklima.sk\/hu\/cookie-szabalyzat\/#breadcrumb\",\"itemListElement\":[{\"@type\":\"ListItem\",\"position\":1,\"name\":\"Domovsk\u00e1 str\u00e1nka\",\"item\":\"https:\/\/www.slovklima.sk\/hu\/\"},{\"@type\":\"ListItem\",\"position\":2,\"name\":\"Cookie szab\u00e1lyzat\"}]},{\"@type\":\"WebSite\",\"@id\":\"https:\/\/www.slovklima.sk\/#website\",\"url\":\"https:\/\/www.slovklima.sk\/\",\"name\":\"SLOVKLIMA DEIMOS group, s.r.o.\",\"description\":\"\",\"publisher\":{\"@id\":\"https:\/\/www.slovklima.sk\/#organization\"},\"alternateName\":\"SLOVKLIMA\",\"potentialAction\":[{\"@type\":\"SearchAction\",\"target\":{\"@type\":\"EntryPoint\",\"urlTemplate\":\"https:\/\/www.slovklima.sk\/?s={search_term_string}\"},\"query-input\":{\"@type\":\"PropertyValueSpecification\",\"valueRequired\":true,\"valueName\":\"search_term_string\"}}],\"inLanguage\":\"hu\"},{\"@type\":\"Organization\",\"@id\":\"https:\/\/www.slovklima.sk\/#organization\",\"name\":\"SLOVKLIMA DEIMOS group, s.r.o.\",\"alternateName\":\"SLOVKLIMA\",\"url\":\"https:\/\/www.slovklima.sk\/\",\"logo\":{\"@type\":\"ImageObject\",\"inLanguage\":\"hu\",\"@id\":\"https:\/\/www.slovklima.sk\/#\/schema\/logo\/image\/\",\"url\":\"https:\/\/www.slovklima.sk\/wp-content\/uploads\/2022\/12\/slovklima-logo-black.svg\",\"contentUrl\":\"https:\/\/www.slovklima.sk\/wp-content\/uploads\/2022\/12\/slovklima-logo-black.svg\",\"width\":3218,\"height\":698,\"caption\":\"SLOVKLIMA DEIMOS group, s.r.o.\"},\"image\":{\"@id\":\"https:\/\/www.slovklima.sk\/#\/schema\/logo\/image\/\"}}]}<\/script>\n<!-- \/ Yoast SEO plugin. -->","yoast_head_json":{"title":"Cookie szab\u00e1lyzat | SLOVKLIMA DEIMOS group, s.r.o.","robots":{"index":"index","follow":"follow","max-snippet":"max-snippet:-1","max-image-preview":"max-image-preview:large","max-video-preview":"max-video-preview:-1"},"canonical":"https:\/\/www.slovklima.sk\/hu\/cookie-szabalyzat\/","og_locale":"hu_HU","og_type":"article","og_title":"Cookie szab\u00e1lyzat | SLOVKLIMA DEIMOS group, s.r.o.","og_description":"[vc_row][vc_column][vc_column_text woodmart_inline=&#8221;no&#8221; text_larger=&#8221;no&#8221;] Mik azok a s\u00fctik? A s\u00fctik olyan kis sz\u00f6veges f\u00e1jlok, amelyeket egy webszerver hoz l\u00e9tre, \u00e9s az","og_url":"https:\/\/www.slovklima.sk\/hu\/cookie-szabalyzat\/","og_site_name":"SLOVKLIMA DEIMOS group, s.r.o.","article_modified_time":"2024-06-07T10:30:46+00:00","og_image":[{"width":500,"height":230,"url":"https:\/\/www.slovklima.sk\/wp-content\/uploads\/2025\/03\/slovklima-logo-sk.jpg","type":"image\/jpeg"}],"twitter_card":"summary_large_image","twitter_misc":{"Becs\u00fclt olvas\u00e1si id\u0151":"3 perc"},"schema":{"@context":"https:\/\/schema.org","@graph":[{"@type":"WebPage","@id":"https:\/\/www.slovklima.sk\/hu\/cookie-szabalyzat\/","url":"https:\/\/www.slovklima.sk\/hu\/cookie-szabalyzat\/","name":"Cookie szab\u00e1lyzat | SLOVKLIMA DEIMOS group, s.r.o.","isPartOf":{"@id":"https:\/\/www.slovklima.sk\/#website"},"datePublished":"2023-04-11T17:37:05+00:00","dateModified":"2024-06-07T10:30:46+00:00","breadcrumb":{"@id":"https:\/\/www.slovklima.sk\/hu\/cookie-szabalyzat\/#breadcrumb"},"inLanguage":"hu","potentialAction":[{"@type":"ReadAction","target":["https:\/\/www.slovklima.sk\/hu\/cookie-szabalyzat\/"]}]},{"@type":"BreadcrumbList","@id":"https:\/\/www.slovklima.sk\/hu\/cookie-szabalyzat\/#breadcrumb","itemListElement":[{"@type":"ListItem","position":1,"name":"Domovsk\u00e1 str\u00e1nka","item":"https:\/\/www.slovklima.sk\/hu\/"},{"@type":"ListItem","position":2,"name":"Cookie szab\u00e1lyzat"}]},{"@type":"WebSite","@id":"https:\/\/www.slovklima.sk\/#website","url":"https:\/\/www.slovklima.sk\/","name":"SLOVKLIMA DEIMOS group, s.r.o.","description":"","publisher":{"@id":"https:\/\/www.slovklima.sk\/#organization"},"alternateName":"SLOVKLIMA","potentialAction":[{"@type":"SearchAction","target":{"@type":"EntryPoint","urlTemplate":"https:\/\/www.slovklima.sk\/?s={search_term_string}"},"query-input":{"@type":"PropertyValueSpecification","valueRequired":true,"valueName":"search_term_string"}}],"inLanguage":"hu"},{"@type":"Organization","@id":"https:\/\/www.slovklima.sk\/#organization","name":"SLOVKLIMA DEIMOS group, s.r.o.","alternateName":"SLOVKLIMA","url":"https:\/\/www.slovklima.sk\/","logo":{"@type":"ImageObject","inLanguage":"hu","@id":"https:\/\/www.slovklima.sk\/#\/schema\/logo\/image\/","url":"https:\/\/www.slovklima.sk\/wp-content\/uploads\/2022\/12\/slovklima-logo-black.svg","contentUrl":"https:\/\/www.slovklima.sk\/wp-content\/uploads\/2022\/12\/slovklima-logo-black.svg","width":3218,"height":698,"caption":"SLOVKLIMA DEIMOS group, s.r.o."},"image":{"@id":"https:\/\/www.slovklima.sk\/#\/schema\/logo\/image\/"}}]}},"_links":{"self":[{"href":"https:\/\/www.slovklima.sk\/hu\/wp-json\/wp\/v2\/pages\/11423","targetHints":{"allow":["GET"]}}],"collection":[{"href":"https:\/\/www.slovklima.sk\/hu\/wp-json\/wp\/v2\/pages"}],"about":[{"href":"https:\/\/www.slovklima.sk\/hu\/wp-json\/wp\/v2\/types\/page"}],"author":[{"embeddable":true,"href":"https:\/\/www.slovklima.sk\/hu\/wp-json\/wp\/v2\/users\/1"}],"replies":[{"embeddable":true,"href":"https:\/\/www.slovklima.sk\/hu\/wp-json\/wp\/v2\/comments?post=11423"}],"version-history":[{"count":0,"href":"https:\/\/www.slovklima.sk\/hu\/wp-json\/wp\/v2\/pages\/11423\/revisions"}],"wp:attachment":[{"href":"https:\/\/www.slovklima.sk\/hu\/wp-json\/wp\/v2\/media?parent=11423"}],"curies":[{"name":"wp","href":"https:\/\/api.w.org\/{rel}","templated":true}]}}