{"id":20507,"date":"2026-03-05T10:17:11","date_gmt":"2026-03-05T09:17:11","guid":{"rendered":"https:\/\/www.slovklima.sk\/?post_type=product&#038;p=20507"},"modified":"2026-03-05T10:36:11","modified_gmt":"2026-03-05T09:36:11","slug":"aux-c-smart-c-pro-split-r32","status":"publish","type":"product","link":"https:\/\/www.slovklima.sk\/en\/product\/aux-c-smart-c-pro-split-r32\/","title":{"rendered":"AUX C-SMART C-PRO split R32"},"content":{"rendered":"<section class=\"wpb-content-wrapper\"><p>[vc_row][vc_column el_class=&#8221;table-style&#8221; woodmart_css_id=&#8221;6720d907cd814&#8243; parallax_scroll=&#8221;no&#8221; woodmart_sticky_column=&#8221;false&#8221; wd_collapsible_content_switcher=&#8221;no&#8221; wd_column_role_offcanvas_desktop=&#8221;no&#8221; wd_column_role_offcanvas_tablet=&#8221;no&#8221; wd_column_role_offcanvas_mobile=&#8221;no&#8221; wd_column_role_content_desktop=&#8221;no&#8221; wd_column_role_content_tablet=&#8221;no&#8221; wd_column_role_content_mobile=&#8221;no&#8221; mobile_bg_img_hidden=&#8221;no&#8221; tablet_bg_img_hidden=&#8221;no&#8221; woodmart_parallax=&#8221;0&#8243; woodmart_box_shadow=&#8221;no&#8221; responsive_spacing=&#8221;eyJwYXJhbV90eXBlIjoid29vZG1hcnRfcmVzcG9uc2l2ZV9zcGFjaW5nIiwic2VsZWN0b3JfaWQiOiI2NzIwZDkwN2NkODE0Iiwic2hvcnRjb2RlIjoidmNfY29sdW1uIiwiZGF0YSI6eyJ0YWJsZXQiOnt9LCJtb2JpbGUiOnt9fX0=&#8221; mobile_reset_margin=&#8221;no&#8221; tablet_reset_margin=&#8221;no&#8221; wd_z_index=&#8221;no&#8221;][vc_column_text woodmart_inline=&#8221;no&#8221; text_larger=&#8221;no&#8221;]<\/p>\n<table>\n<thead>\n<tr>\n<th>Model<em>indoor+ outdoor unit<\/em><\/th>\n<th>Performance<em>kW<\/em><\/th>\n<th>Energy class &#8211; cooling\/heating<\/th>\n<th>Seasonal efficiency &#8211; SEER\/SCOP<em>W\/W<\/em><\/th>\n<th>WxHxD<em>mm(indoor + outdoor unit)<\/em><\/th>\n<\/tr>\n<\/thead>\n<tbody>\n<tr>\n<td width=\"250\">ASW-H09B6A4\/FQA800R3DI-D0 + AS-H09B6A4\/FQA800R3DI-D0<\/td>\n<td width=\"16\">2,7 \/ 3,3<\/td>\n<td>A+++ \/ A++<\/td>\n<td>10,10 \/ 5,30<\/td>\n<td>890 \u00d7 311 \u00d7 212 \/ 705 \u00d7 530 \u00d7 279<\/td>\n<\/tr>\n<tr>\n<td width=\"250\">ASW-H12C5A4\/FQAR3DI-D0 + AS-H12C5A4\/FQAR3DI-D0<\/td>\n<td width=\"16\">3,5 \/ 3,8<\/td>\n<td>A+++ \/ A++<\/td>\n<td>9,90 \/ 5,30<\/td>\n<td>890 \u00d7 311 \u00d7 212 \/ 705 \u00d7 530 \u00d7 279<\/td>\n<\/tr>\n<\/tbody>\n<\/table>\n<p>[\/vc_column_text][\/vc_column][\/vc_row]<\/p>\n<\/section>","protected":false},"excerpt":{"rendered":"<p><strong>AUX C-SMART C-PRO split R32<\/strong><\/p>\n<p>The air conditioning uses micro-openings in the slats to ensure gentle air dispersion without unpleasant drafts thanks to WindFree technology. The double slats allow for precise air direction both horizontally and vertically, achieving even distribution throughout the room. Antibacterial filters, UV sterilization, and self-cleaning functions reduce bacteria and impurities for cleaner, healthier air. Wi-Fi control and smart features that allow remote control of the air conditioner enhance user comfort. High energy efficiency class A+++ ensures economical operation and makes this model an attractive choice in terms of energy consumption.<\/p>\n<div class=\"product-icons\"><img decoding=\"async\" class=\"alignnone size-full wp-image-12599\" title=\"Pohotovostn\u00fd re\u017eim\" src=\"\/wp-content\/uploads\/2024\/10\/icon-pohotovostny-rezim-1.jpg\" alt=\"\" width=\"151\" height=\"151\" \/><img decoding=\"async\" class=\"alignnone size-full wp-image-12602\" title=\"Steriliz\u00e1cia 57\u02daC\" src=\"\/wp-content\/uploads\/2024\/10\/icon-sterilizacia-57c-1.jpg\" alt=\"\" width=\"151\" height=\"151\" \/><img decoding=\"async\" class=\"alignnone size-medium wp-image-8959\" title=\"Funkcia &quot;I Feel&quot;\" src=\"\/wp-content\/uploads\/2024\/04\/icon-ifeel-300x300.jpg\" alt=\"\" width=\"300\" height=\"300\" srcset=\"https:\/\/www.slovklima.sk\/wp-content\/uploads\/2024\/04\/icon-ifeel-300x300.jpg 300w, https:\/\/www.slovklima.sk\/wp-content\/uploads\/2024\/04\/icon-ifeel-150x150.jpg 150w, https:\/\/www.slovklima.sk\/wp-content\/uploads\/2024\/04\/icon-ifeel.jpg 328w\" sizes=\"(max-width: 300px) 100vw, 300px\" \/><img decoding=\"async\" class=\"alignnone size-full wp-image-8425\" title=\"Funkcia &quot;Turbo&quot;\" src=\"\/wp-content\/uploads\/2024\/03\/tlacidlo-turbo.jpg\" alt=\"\" width=\"151\" height=\"151\" \/><img decoding=\"async\" class=\"alignnone size-full wp-image-12645\" title=\"Funkcia &quot;Anti-Cold air&quot;\" src=\"\/wp-content\/uploads\/2024\/10\/icon-anti-cold-air.jpg\" alt=\"\" width=\"151\" height=\"151\" \/><img decoding=\"async\" class=\"alignnone size-full wp-image-9010\" title=\"No\u010dn\u00fd re\u017eim\" src=\"\/wp-content\/uploads\/2024\/04\/icon-nocny-rezim-prevadzky.jpg\" alt=\"\" width=\"151\" height=\"151\" \/><img decoding=\"async\" class=\"alignnone size-medium wp-image-12654\" title=\"Re\u017eim ventil\u00e1tora\" src=\"\/wp-content\/uploads\/2024\/10\/icon-rezim-ventilatora.jpg\" alt=\"\" width=\"151\" height=\"151\" \/><img decoding=\"async\" class=\"alignnone size-medium wp-image-12657\" title=\"Re\u017eim vyhrievania\" src=\"\/wp-content\/uploads\/2024\/10\/icon-rezim-vyhrievania.jpg\" alt=\"\" width=\"151\" height=\"151\" \/><img decoding=\"async\" class=\"alignnone size-medium wp-image-8963\" title=\"R\u00fdchle chladenie a ohrievanie\" src=\"\/wp-content\/uploads\/2024\/04\/icon-rychle-chlad-kuren-300x300.jpg\" alt=\"\" width=\"300\" height=\"300\" srcset=\"https:\/\/www.slovklima.sk\/wp-content\/uploads\/2024\/04\/icon-rychle-chlad-kuren-300x300.jpg 300w, https:\/\/www.slovklima.sk\/wp-content\/uploads\/2024\/04\/icon-rychle-chlad-kuren-150x150.jpg 150w, https:\/\/www.slovklima.sk\/wp-content\/uploads\/2024\/04\/icon-rychle-chlad-kuren.jpg 328w\" sizes=\"(max-width: 300px) 100vw, 300px\" \/><img decoding=\"async\" class=\"alignnone size-full wp-image-12636\" title=\"Temperovanie 8\u00b0C\" src=\"\/wp-content\/uploads\/2024\/10\/icon-temperovanie-8c.jpg\" alt=\"\" width=\"151\" height=\"151\" \/><img decoding=\"async\" class=\"alignnone size-medium wp-image-8972\" title=\"Tich\u00e1 prev\u00e1dzka\" src=\"\/wp-content\/uploads\/2024\/04\/icon-tichy-rezim-300x300.jpg\" alt=\"\" width=\"300\" height=\"300\" srcset=\"https:\/\/www.slovklima.sk\/wp-content\/uploads\/2024\/04\/icon-tichy-rezim-300x300.jpg 300w, https:\/\/www.slovklima.sk\/wp-content\/uploads\/2024\/04\/icon-tichy-rezim-150x150.jpg 150w, https:\/\/www.slovklima.sk\/wp-content\/uploads\/2024\/04\/icon-tichy-rezim.jpg 328w\" sizes=\"(max-width: 300px) 100vw, 300px\" \/><img decoding=\"async\" class=\"alignnone size-full wp-image-8438\" title=\"Zabudovan\u00fd WiFi modul\" src=\"\/wp-content\/uploads\/2024\/03\/wifi.jpg\" alt=\"\" width=\"151\" height=\"151\" \/><img decoding=\"async\" class=\"alignnone size-medium wp-image-8952\" title=\"Automatick\u00fd re\u0161tart\" src=\"\/wp-content\/uploads\/2024\/04\/icon-autorestart-300x300.jpg\" alt=\"\" width=\"300\" height=\"300\" srcset=\"https:\/\/www.slovklima.sk\/wp-content\/uploads\/2024\/04\/icon-autorestart-300x300.jpg 300w, https:\/\/www.slovklima.sk\/wp-content\/uploads\/2024\/04\/icon-autorestart-150x150.jpg 150w, https:\/\/www.slovklima.sk\/wp-content\/uploads\/2024\/04\/icon-autorestart.jpg 328w\" sizes=\"(max-width: 300px) 100vw, 300px\" \/><img decoding=\"async\" class=\"alignnone size-medium wp-image-12660\" title=\"Odoln\u00fd kryt vo\u010di kor\u00f3zii\" src=\"\/wp-content\/uploads\/2024\/10\/icon-odolny-kryt-voci-korozii.jpg\" alt=\"\" width=\"151\" height=\"151\" \/><img decoding=\"async\" class=\"alignnone size-medium wp-image-12663\" title=\"Pozl\u00e1ten\u00e9 lamely v\u00fdmenn\u00edka vn\u00fatornej jednotky\" src=\"\/wp-content\/uploads\/2024\/10\/icon-pozlatene-rebra-vymennika-vnutornej-jednotky.jpg\" alt=\"\" width=\"151\" height=\"151\" \/><img decoding=\"async\" class=\"alignnone size-full wp-image-12633\" title=\"Pozl\u00e1ten\u00e9 rebr\u00e1 v\u00fdmenn\u00edka vonkaj\u0161ej jednotky\" src=\"\/wp-content\/uploads\/2024\/10\/icon-pozlatene-rebra-vymennika-vonkajsej-jednotky.jpg\" alt=\"\" width=\"151\" height=\"151\" \/><img decoding=\"async\" class=\"alignnone size-medium wp-image-12666\" title=\"Filter PM 2,5\" src=\"\/wp-content\/uploads\/2024\/10\/icon-filter-pm2-5.jpg\" alt=\"\" width=\"151\" height=\"151\" \/><img decoding=\"async\" class=\"alignnone size-full wp-image-12596\" title=\"Funkcia ochrany proti plesniam\" src=\"\/wp-content\/uploads\/2024\/10\/icon-ochrana-proti-plesniam-1.jpg\" alt=\"\" width=\"151\" height=\"151\" \/><img decoding=\"async\" class=\"alignnone size-medium wp-image-8958\" title=\"Samo\u010distiaca funkcia\" src=\"\/wp-content\/uploads\/2024\/04\/icon-samocistenie-300x300.jpg\" alt=\"\" width=\"300\" height=\"300\" srcset=\"https:\/\/www.slovklima.sk\/wp-content\/uploads\/2024\/04\/icon-samocistenie-300x300.jpg 300w, https:\/\/www.slovklima.sk\/wp-content\/uploads\/2024\/04\/icon-samocistenie-150x150.jpg 150w, https:\/\/www.slovklima.sk\/wp-content\/uploads\/2024\/04\/icon-samocistenie.jpg 328w\" sizes=\"(max-width: 300px) 100vw, 300px\" \/><img decoding=\"async\" class=\"alignnone size-medium wp-image-12669\" title=\"Steriliz\u00e1cia UV \u017eiaren\u00edm\" src=\"\/wp-content\/uploads\/2024\/10\/icon-sterilizacia-uv-ziarenim.jpg\" alt=\"\" width=\"151\" height=\"147\" \/><\/div>\n","protected":false},"featured_media":20510,"template":"","meta":[],"product_brand":[],"product_cat":[221,258,257],"product_tag":[],"class_list":{"0":"post-20507","1":"product","2":"type-product","3":"status-publish","4":"has-post-thumbnail","6":"product_cat-air-conditioning","7":"product_cat-aux-en","8":"product_cat-single-split-en","10":"first","11":"instock","12":"shipping-taxable","13":"product-type-simple"},"yoast_head":"<!-- This site is optimized with the Yoast SEO plugin v24.3 - https:\/\/yoast.com\/wordpress\/plugins\/seo\/ -->\n<title>AUX C-SMART C-PRO split R32 | SLOVKLIMA DEIMOS group, s.r.o.<\/title>\n<meta name=\"robots\" content=\"index, follow, max-snippet:-1, max-image-preview:large, max-video-preview:-1\" \/>\n<link rel=\"canonical\" href=\"https:\/\/www.slovklima.sk\/en\/product\/aux-c-smart-c-pro-split-r32\/\" \/>\n<meta property=\"og:locale\" content=\"en_US\" \/>\n<meta property=\"og:type\" content=\"article\" \/>\n<meta property=\"og:title\" content=\"AUX C-SMART C-PRO split R32 | SLOVKLIMA DEIMOS group, s.r.o.\" \/>\n<meta property=\"og:description\" content=\"AUX C-SMART C-PRO split R32  The air conditioning uses micro-openings in the slats to ensure gentle air dispersion without unpleasant drafts thanks to WindFree technology. The double slats allow for precise air direction both horizontally and vertically, achieving even distribution throughout the room. Antibacterial filters, UV sterilization, and self-cleaning functions reduce bacteria and impurities for cleaner, healthier air. Wi-Fi control and smart features that allow remote control of the air conditioner enhance user comfort. High energy efficiency class A+++ ensures economical operation and makes this model an attractive choice in terms of energy consumption.\" \/>\n<meta property=\"og:url\" content=\"https:\/\/www.slovklima.sk\/en\/product\/aux-c-smart-c-pro-split-r32\/\" \/>\n<meta property=\"og:site_name\" content=\"SLOVKLIMA DEIMOS group, s.r.o.\" \/>\n<meta property=\"article:modified_time\" content=\"2026-03-05T09:36:11+00:00\" \/>\n<meta property=\"og:image\" content=\"https:\/\/www.slovklima.sk\/wp-content\/uploads\/2026\/03\/C-SMART_C-PRO_01.jpg\" \/>\n\t<meta property=\"og:image:width\" content=\"800\" \/>\n\t<meta property=\"og:image:height\" content=\"1000\" \/>\n\t<meta property=\"og:image:type\" content=\"image\/jpeg\" \/>\n<meta name=\"twitter:card\" content=\"summary_large_image\" \/>\n<meta name=\"twitter:label1\" content=\"Est. reading time\" \/>\n\t<meta name=\"twitter:data1\" content=\"1 minute\" \/>\n<script type=\"application\/ld+json\" class=\"yoast-schema-graph\">{\"@context\":\"https:\/\/schema.org\",\"@graph\":[{\"@type\":\"WebPage\",\"@id\":\"https:\/\/www.slovklima.sk\/en\/product\/aux-c-smart-c-pro-split-r32\/\",\"url\":\"https:\/\/www.slovklima.sk\/en\/product\/aux-c-smart-c-pro-split-r32\/\",\"name\":\"AUX C-SMART C-PRO split R32 | SLOVKLIMA DEIMOS group, s.r.o.\",\"isPartOf\":{\"@id\":\"https:\/\/www.slovklima.sk\/#website\"},\"primaryImageOfPage\":{\"@id\":\"https:\/\/www.slovklima.sk\/en\/product\/aux-c-smart-c-pro-split-r32\/#primaryimage\"},\"image\":{\"@id\":\"https:\/\/www.slovklima.sk\/en\/product\/aux-c-smart-c-pro-split-r32\/#primaryimage\"},\"thumbnailUrl\":\"https:\/\/www.slovklima.sk\/wp-content\/uploads\/2026\/03\/C-SMART_C-PRO_01.jpg\",\"datePublished\":\"2026-03-05T09:17:11+00:00\",\"dateModified\":\"2026-03-05T09:36:11+00:00\",\"breadcrumb\":{\"@id\":\"https:\/\/www.slovklima.sk\/en\/product\/aux-c-smart-c-pro-split-r32\/#breadcrumb\"},\"inLanguage\":\"en-US\",\"potentialAction\":[{\"@type\":\"ReadAction\",\"target\":[\"https:\/\/www.slovklima.sk\/en\/product\/aux-c-smart-c-pro-split-r32\/\"]}]},{\"@type\":\"ImageObject\",\"inLanguage\":\"en-US\",\"@id\":\"https:\/\/www.slovklima.sk\/en\/product\/aux-c-smart-c-pro-split-r32\/#primaryimage\",\"url\":\"https:\/\/www.slovklima.sk\/wp-content\/uploads\/2026\/03\/C-SMART_C-PRO_01.jpg\",\"contentUrl\":\"https:\/\/www.slovklima.sk\/wp-content\/uploads\/2026\/03\/C-SMART_C-PRO_01.jpg\",\"width\":800,\"height\":1000},{\"@type\":\"BreadcrumbList\",\"@id\":\"https:\/\/www.slovklima.sk\/en\/product\/aux-c-smart-c-pro-split-r32\/#breadcrumb\",\"itemListElement\":[{\"@type\":\"ListItem\",\"position\":1,\"name\":\"Domovsk\u00e1 str\u00e1nka\",\"item\":\"https:\/\/www.slovklima.sk\/en\/\"},{\"@type\":\"ListItem\",\"position\":2,\"name\":\"Products\",\"item\":\"https:\/\/www.slovklima.sk\/en\/products\/\"},{\"@type\":\"ListItem\",\"position\":3,\"name\":\"AUX C-SMART C-PRO split R32\"}]},{\"@type\":\"WebSite\",\"@id\":\"https:\/\/www.slovklima.sk\/#website\",\"url\":\"https:\/\/www.slovklima.sk\/\",\"name\":\"SLOVKLIMA DEIMOS group, s.r.o.\",\"description\":\"\",\"publisher\":{\"@id\":\"https:\/\/www.slovklima.sk\/#organization\"},\"alternateName\":\"SLOVKLIMA\",\"potentialAction\":[{\"@type\":\"SearchAction\",\"target\":{\"@type\":\"EntryPoint\",\"urlTemplate\":\"https:\/\/www.slovklima.sk\/?s={search_term_string}\"},\"query-input\":{\"@type\":\"PropertyValueSpecification\",\"valueRequired\":true,\"valueName\":\"search_term_string\"}}],\"inLanguage\":\"en-US\"},{\"@type\":\"Organization\",\"@id\":\"https:\/\/www.slovklima.sk\/#organization\",\"name\":\"SLOVKLIMA DEIMOS group, s.r.o.\",\"alternateName\":\"SLOVKLIMA\",\"url\":\"https:\/\/www.slovklima.sk\/\",\"logo\":{\"@type\":\"ImageObject\",\"inLanguage\":\"en-US\",\"@id\":\"https:\/\/www.slovklima.sk\/#\/schema\/logo\/image\/\",\"url\":\"https:\/\/www.slovklima.sk\/wp-content\/uploads\/2022\/12\/slovklima-logo-black.svg\",\"contentUrl\":\"https:\/\/www.slovklima.sk\/wp-content\/uploads\/2022\/12\/slovklima-logo-black.svg\",\"width\":3218,\"height\":698,\"caption\":\"SLOVKLIMA DEIMOS group, s.r.o.\"},\"image\":{\"@id\":\"https:\/\/www.slovklima.sk\/#\/schema\/logo\/image\/\"}}]}<\/script>\n<!-- \/ Yoast SEO plugin. -->","yoast_head_json":{"title":"AUX C-SMART C-PRO split R32 | SLOVKLIMA DEIMOS group, s.r.o.","robots":{"index":"index","follow":"follow","max-snippet":"max-snippet:-1","max-image-preview":"max-image-preview:large","max-video-preview":"max-video-preview:-1"},"canonical":"https:\/\/www.slovklima.sk\/en\/product\/aux-c-smart-c-pro-split-r32\/","og_locale":"en_US","og_type":"article","og_title":"AUX C-SMART C-PRO split R32 | SLOVKLIMA DEIMOS group, s.r.o.","og_description":"AUX C-SMART C-PRO split R32  The air conditioning uses micro-openings in the slats to ensure gentle air dispersion without unpleasant drafts thanks to WindFree technology. The double slats allow for precise air direction both horizontally and vertically, achieving even distribution throughout the room. Antibacterial filters, UV sterilization, and self-cleaning functions reduce bacteria and impurities for cleaner, healthier air. Wi-Fi control and smart features that allow remote control of the air conditioner enhance user comfort. High energy efficiency class A+++ ensures economical operation and makes this model an attractive choice in terms of energy consumption.","og_url":"https:\/\/www.slovklima.sk\/en\/product\/aux-c-smart-c-pro-split-r32\/","og_site_name":"SLOVKLIMA DEIMOS group, s.r.o.","article_modified_time":"2026-03-05T09:36:11+00:00","og_image":[{"width":800,"height":1000,"url":"https:\/\/www.slovklima.sk\/wp-content\/uploads\/2026\/03\/C-SMART_C-PRO_01.jpg","type":"image\/jpeg"}],"twitter_card":"summary_large_image","twitter_misc":{"Est. reading time":"1 minute"},"schema":{"@context":"https:\/\/schema.org","@graph":[{"@type":"WebPage","@id":"https:\/\/www.slovklima.sk\/en\/product\/aux-c-smart-c-pro-split-r32\/","url":"https:\/\/www.slovklima.sk\/en\/product\/aux-c-smart-c-pro-split-r32\/","name":"AUX C-SMART C-PRO split R32 | SLOVKLIMA DEIMOS group, s.r.o.","isPartOf":{"@id":"https:\/\/www.slovklima.sk\/#website"},"primaryImageOfPage":{"@id":"https:\/\/www.slovklima.sk\/en\/product\/aux-c-smart-c-pro-split-r32\/#primaryimage"},"image":{"@id":"https:\/\/www.slovklima.sk\/en\/product\/aux-c-smart-c-pro-split-r32\/#primaryimage"},"thumbnailUrl":"https:\/\/www.slovklima.sk\/wp-content\/uploads\/2026\/03\/C-SMART_C-PRO_01.jpg","datePublished":"2026-03-05T09:17:11+00:00","dateModified":"2026-03-05T09:36:11+00:00","breadcrumb":{"@id":"https:\/\/www.slovklima.sk\/en\/product\/aux-c-smart-c-pro-split-r32\/#breadcrumb"},"inLanguage":"en-US","potentialAction":[{"@type":"ReadAction","target":["https:\/\/www.slovklima.sk\/en\/product\/aux-c-smart-c-pro-split-r32\/"]}]},{"@type":"ImageObject","inLanguage":"en-US","@id":"https:\/\/www.slovklima.sk\/en\/product\/aux-c-smart-c-pro-split-r32\/#primaryimage","url":"https:\/\/www.slovklima.sk\/wp-content\/uploads\/2026\/03\/C-SMART_C-PRO_01.jpg","contentUrl":"https:\/\/www.slovklima.sk\/wp-content\/uploads\/2026\/03\/C-SMART_C-PRO_01.jpg","width":800,"height":1000},{"@type":"BreadcrumbList","@id":"https:\/\/www.slovklima.sk\/en\/product\/aux-c-smart-c-pro-split-r32\/#breadcrumb","itemListElement":[{"@type":"ListItem","position":1,"name":"Domovsk\u00e1 str\u00e1nka","item":"https:\/\/www.slovklima.sk\/en\/"},{"@type":"ListItem","position":2,"name":"Products","item":"https:\/\/www.slovklima.sk\/en\/products\/"},{"@type":"ListItem","position":3,"name":"AUX C-SMART C-PRO split R32"}]},{"@type":"WebSite","@id":"https:\/\/www.slovklima.sk\/#website","url":"https:\/\/www.slovklima.sk\/","name":"SLOVKLIMA DEIMOS group, s.r.o.","description":"","publisher":{"@id":"https:\/\/www.slovklima.sk\/#organization"},"alternateName":"SLOVKLIMA","potentialAction":[{"@type":"SearchAction","target":{"@type":"EntryPoint","urlTemplate":"https:\/\/www.slovklima.sk\/?s={search_term_string}"},"query-input":{"@type":"PropertyValueSpecification","valueRequired":true,"valueName":"search_term_string"}}],"inLanguage":"en-US"},{"@type":"Organization","@id":"https:\/\/www.slovklima.sk\/#organization","name":"SLOVKLIMA DEIMOS group, s.r.o.","alternateName":"SLOVKLIMA","url":"https:\/\/www.slovklima.sk\/","logo":{"@type":"ImageObject","inLanguage":"en-US","@id":"https:\/\/www.slovklima.sk\/#\/schema\/logo\/image\/","url":"https:\/\/www.slovklima.sk\/wp-content\/uploads\/2022\/12\/slovklima-logo-black.svg","contentUrl":"https:\/\/www.slovklima.sk\/wp-content\/uploads\/2022\/12\/slovklima-logo-black.svg","width":3218,"height":698,"caption":"SLOVKLIMA DEIMOS group, s.r.o."},"image":{"@id":"https:\/\/www.slovklima.sk\/#\/schema\/logo\/image\/"}}]}},"_links":{"self":[{"href":"https:\/\/www.slovklima.sk\/en\/wp-json\/wp\/v2\/product\/20507","targetHints":{"allow":["GET"]}}],"collection":[{"href":"https:\/\/www.slovklima.sk\/en\/wp-json\/wp\/v2\/product"}],"about":[{"href":"https:\/\/www.slovklima.sk\/en\/wp-json\/wp\/v2\/types\/product"}],"wp:featuredmedia":[{"embeddable":true,"href":"https:\/\/www.slovklima.sk\/en\/wp-json\/wp\/v2\/media\/20510"}],"wp:attachment":[{"href":"https:\/\/www.slovklima.sk\/en\/wp-json\/wp\/v2\/media?parent=20507"}],"wp:term":[{"taxonomy":"product_brand","embeddable":true,"href":"https:\/\/www.slovklima.sk\/en\/wp-json\/wp\/v2\/product_brand?post=20507"},{"taxonomy":"product_cat","embeddable":true,"href":"https:\/\/www.slovklima.sk\/en\/wp-json\/wp\/v2\/product_cat?post=20507"},{"taxonomy":"product_tag","embeddable":true,"href":"https:\/\/www.slovklima.sk\/en\/wp-json\/wp\/v2\/product_tag?post=20507"}],"curies":[{"name":"wp","href":"https:\/\/api.w.org\/{rel}","templated":true}]}}