{"id":18461,"date":"2025-08-18T08:44:49","date_gmt":"2025-08-18T06:44:49","guid":{"rendered":"https:\/\/www.slovklima.sk\/?post_type=product&#038;p=18461"},"modified":"2025-08-18T08:47:18","modified_gmt":"2025-08-18T06:47:18","slug":"konzola-podlahova-tecnosystemi-450mm-600mm-1000mm","status":"publish","type":"product","link":"https:\/\/www.slovklima.sk\/en\/product\/konzola-podlahova-tecnosystemi-450mm-600mm-1000mm\/","title":{"rendered":"Konzola podlahov\u00e1 Tecnosystemi 450mm, 600mm, 1000mm"},"content":{"rendered":"","protected":false},"excerpt":{"rendered":"<p>Robustn\u00e9 podlahov\u00e9 konzoly s\u00fa ur\u010den\u00e9 na mont\u00e1\u017e vonkaj\u0161\u00edch klimatiza\u010dn\u00fdch jednotiek v n\u00e1ro\u010dn\u00fdch podmienkach. S\u00fa vyroben\u00e9 z vysoko odolnej pozinkovanej ocele s dodato\u010dnou pr\u00e1\u0161kovou \u00fapravou proti kor\u00f3zii a vybaven\u00e9 antivibra\u010dn\u00fdmi podlo\u017ekami a pevn\u00fdmi v\u00fdstuhami pre maxim\u00e1lnu stabilitu \u2013 ide\u00e1lne pre technick\u00e9 alebo exponovan\u00e9 priestory<\/p>\n","protected":false},"featured_media":18464,"template":"","meta":[],"product_brand":[],"product_cat":[309,227,281],"product_tag":[],"class_list":{"0":"post-18461","1":"product","2":"type-product","3":"status-publish","4":"has-post-thumbnail","6":"product_cat-consoles-washers","7":"product_cat-professional-cooling","8":"product_cat-refrigerant-distribution","10":"first","11":"instock","12":"shipping-taxable","13":"product-type-simple"},"yoast_head":"<!-- This site is optimized with the Yoast SEO plugin v24.3 - https:\/\/yoast.com\/wordpress\/plugins\/seo\/ -->\n<title>Konzola podlahov\u00e1 Tecnosystemi 450mm, 600mm, 1000mm | SLOVKLIMA DEIMOS group, s.r.o.<\/title>\n<meta name=\"robots\" content=\"index, follow, max-snippet:-1, max-image-preview:large, max-video-preview:-1\" \/>\n<link rel=\"canonical\" href=\"https:\/\/www.slovklima.sk\/en\/product\/konzola-podlahova-tecnosystemi-450mm-600mm-1000mm\/\" \/>\n<meta property=\"og:locale\" content=\"en_US\" \/>\n<meta property=\"og:type\" content=\"article\" \/>\n<meta property=\"og:title\" content=\"Konzola podlahov\u00e1 Tecnosystemi 450mm, 600mm, 1000mm | SLOVKLIMA DEIMOS group, s.r.o.\" \/>\n<meta property=\"og:description\" content=\"Robustn\u00e9 podlahov\u00e9 konzoly s\u00fa ur\u010den\u00e9 na mont\u00e1\u017e vonkaj\u0161\u00edch klimatiza\u010dn\u00fdch jednotiek v n\u00e1ro\u010dn\u00fdch podmienkach. S\u00fa vyroben\u00e9 z vysoko odolnej pozinkovanej ocele s dodato\u010dnou pr\u00e1\u0161kovou \u00fapravou proti kor\u00f3zii a vybaven\u00e9 antivibra\u010dn\u00fdmi podlo\u017ekami a pevn\u00fdmi v\u00fdstuhami pre maxim\u00e1lnu stabilitu \u2013 ide\u00e1lne pre technick\u00e9 alebo exponovan\u00e9 priestory\" \/>\n<meta property=\"og:url\" content=\"https:\/\/www.slovklima.sk\/en\/product\/konzola-podlahova-tecnosystemi-450mm-600mm-1000mm\/\" \/>\n<meta property=\"og:site_name\" content=\"SLOVKLIMA DEIMOS group, s.r.o.\" \/>\n<meta property=\"article:modified_time\" content=\"2025-08-18T06:47:18+00:00\" \/>\n<meta property=\"og:image\" content=\"https:\/\/www.slovklima.sk\/wp-content\/uploads\/2025\/08\/11105062_64.jpg\" \/>\n\t<meta property=\"og:image:width\" content=\"800\" \/>\n\t<meta property=\"og:image:height\" content=\"1000\" \/>\n\t<meta property=\"og:image:type\" content=\"image\/jpeg\" \/>\n<meta name=\"twitter:card\" content=\"summary_large_image\" \/>\n<meta name=\"twitter:label1\" content=\"Est. reading time\" \/>\n\t<meta name=\"twitter:data1\" content=\"1 minute\" \/>\n<script type=\"application\/ld+json\" class=\"yoast-schema-graph\">{\"@context\":\"https:\/\/schema.org\",\"@graph\":[{\"@type\":\"WebPage\",\"@id\":\"https:\/\/www.slovklima.sk\/en\/product\/konzola-podlahova-tecnosystemi-450mm-600mm-1000mm\/\",\"url\":\"https:\/\/www.slovklima.sk\/en\/product\/konzola-podlahova-tecnosystemi-450mm-600mm-1000mm\/\",\"name\":\"Konzola podlahov\u00e1 Tecnosystemi 450mm, 600mm, 1000mm | SLOVKLIMA DEIMOS group, s.r.o.\",\"isPartOf\":{\"@id\":\"https:\/\/www.slovklima.sk\/#website\"},\"primaryImageOfPage\":{\"@id\":\"https:\/\/www.slovklima.sk\/en\/product\/konzola-podlahova-tecnosystemi-450mm-600mm-1000mm\/#primaryimage\"},\"image\":{\"@id\":\"https:\/\/www.slovklima.sk\/en\/product\/konzola-podlahova-tecnosystemi-450mm-600mm-1000mm\/#primaryimage\"},\"thumbnailUrl\":\"https:\/\/www.slovklima.sk\/wp-content\/uploads\/2025\/08\/11105062_64.jpg\",\"datePublished\":\"2025-08-18T06:44:49+00:00\",\"dateModified\":\"2025-08-18T06:47:18+00:00\",\"breadcrumb\":{\"@id\":\"https:\/\/www.slovklima.sk\/en\/product\/konzola-podlahova-tecnosystemi-450mm-600mm-1000mm\/#breadcrumb\"},\"inLanguage\":\"en-US\",\"potentialAction\":[{\"@type\":\"ReadAction\",\"target\":[\"https:\/\/www.slovklima.sk\/en\/product\/konzola-podlahova-tecnosystemi-450mm-600mm-1000mm\/\"]}]},{\"@type\":\"ImageObject\",\"inLanguage\":\"en-US\",\"@id\":\"https:\/\/www.slovklima.sk\/en\/product\/konzola-podlahova-tecnosystemi-450mm-600mm-1000mm\/#primaryimage\",\"url\":\"https:\/\/www.slovklima.sk\/wp-content\/uploads\/2025\/08\/11105062_64.jpg\",\"contentUrl\":\"https:\/\/www.slovklima.sk\/wp-content\/uploads\/2025\/08\/11105062_64.jpg\",\"width\":800,\"height\":1000},{\"@type\":\"BreadcrumbList\",\"@id\":\"https:\/\/www.slovklima.sk\/en\/product\/konzola-podlahova-tecnosystemi-450mm-600mm-1000mm\/#breadcrumb\",\"itemListElement\":[{\"@type\":\"ListItem\",\"position\":1,\"name\":\"Domovsk\u00e1 str\u00e1nka\",\"item\":\"https:\/\/www.slovklima.sk\/en\/\"},{\"@type\":\"ListItem\",\"position\":2,\"name\":\"Products\",\"item\":\"https:\/\/www.slovklima.sk\/en\/products\/\"},{\"@type\":\"ListItem\",\"position\":3,\"name\":\"Konzola podlahov\u00e1 Tecnosystemi 450mm, 600mm, 1000mm\"}]},{\"@type\":\"WebSite\",\"@id\":\"https:\/\/www.slovklima.sk\/#website\",\"url\":\"https:\/\/www.slovklima.sk\/\",\"name\":\"SLOVKLIMA DEIMOS group, s.r.o.\",\"description\":\"\",\"publisher\":{\"@id\":\"https:\/\/www.slovklima.sk\/#organization\"},\"alternateName\":\"SLOVKLIMA\",\"potentialAction\":[{\"@type\":\"SearchAction\",\"target\":{\"@type\":\"EntryPoint\",\"urlTemplate\":\"https:\/\/www.slovklima.sk\/?s={search_term_string}\"},\"query-input\":{\"@type\":\"PropertyValueSpecification\",\"valueRequired\":true,\"valueName\":\"search_term_string\"}}],\"inLanguage\":\"en-US\"},{\"@type\":\"Organization\",\"@id\":\"https:\/\/www.slovklima.sk\/#organization\",\"name\":\"SLOVKLIMA DEIMOS group, s.r.o.\",\"alternateName\":\"SLOVKLIMA\",\"url\":\"https:\/\/www.slovklima.sk\/\",\"logo\":{\"@type\":\"ImageObject\",\"inLanguage\":\"en-US\",\"@id\":\"https:\/\/www.slovklima.sk\/#\/schema\/logo\/image\/\",\"url\":\"https:\/\/www.slovklima.sk\/wp-content\/uploads\/2022\/12\/slovklima-logo-black.svg\",\"contentUrl\":\"https:\/\/www.slovklima.sk\/wp-content\/uploads\/2022\/12\/slovklima-logo-black.svg\",\"width\":3218,\"height\":698,\"caption\":\"SLOVKLIMA DEIMOS group, s.r.o.\"},\"image\":{\"@id\":\"https:\/\/www.slovklima.sk\/#\/schema\/logo\/image\/\"}}]}<\/script>\n<!-- \/ Yoast SEO plugin. -->","yoast_head_json":{"title":"Konzola podlahov\u00e1 Tecnosystemi 450mm, 600mm, 1000mm | SLOVKLIMA DEIMOS group, s.r.o.","robots":{"index":"index","follow":"follow","max-snippet":"max-snippet:-1","max-image-preview":"max-image-preview:large","max-video-preview":"max-video-preview:-1"},"canonical":"https:\/\/www.slovklima.sk\/en\/product\/konzola-podlahova-tecnosystemi-450mm-600mm-1000mm\/","og_locale":"en_US","og_type":"article","og_title":"Konzola podlahov\u00e1 Tecnosystemi 450mm, 600mm, 1000mm | SLOVKLIMA DEIMOS group, s.r.o.","og_description":"Robustn\u00e9 podlahov\u00e9 konzoly s\u00fa ur\u010den\u00e9 na mont\u00e1\u017e vonkaj\u0161\u00edch klimatiza\u010dn\u00fdch jednotiek v n\u00e1ro\u010dn\u00fdch podmienkach. S\u00fa vyroben\u00e9 z vysoko odolnej pozinkovanej ocele s dodato\u010dnou pr\u00e1\u0161kovou \u00fapravou proti kor\u00f3zii a vybaven\u00e9 antivibra\u010dn\u00fdmi podlo\u017ekami a pevn\u00fdmi v\u00fdstuhami pre maxim\u00e1lnu stabilitu \u2013 ide\u00e1lne pre technick\u00e9 alebo exponovan\u00e9 priestory","og_url":"https:\/\/www.slovklima.sk\/en\/product\/konzola-podlahova-tecnosystemi-450mm-600mm-1000mm\/","og_site_name":"SLOVKLIMA DEIMOS group, s.r.o.","article_modified_time":"2025-08-18T06:47:18+00:00","og_image":[{"width":800,"height":1000,"url":"https:\/\/www.slovklima.sk\/wp-content\/uploads\/2025\/08\/11105062_64.jpg","type":"image\/jpeg"}],"twitter_card":"summary_large_image","twitter_misc":{"Est. reading time":"1 minute"},"schema":{"@context":"https:\/\/schema.org","@graph":[{"@type":"WebPage","@id":"https:\/\/www.slovklima.sk\/en\/product\/konzola-podlahova-tecnosystemi-450mm-600mm-1000mm\/","url":"https:\/\/www.slovklima.sk\/en\/product\/konzola-podlahova-tecnosystemi-450mm-600mm-1000mm\/","name":"Konzola podlahov\u00e1 Tecnosystemi 450mm, 600mm, 1000mm | SLOVKLIMA DEIMOS group, s.r.o.","isPartOf":{"@id":"https:\/\/www.slovklima.sk\/#website"},"primaryImageOfPage":{"@id":"https:\/\/www.slovklima.sk\/en\/product\/konzola-podlahova-tecnosystemi-450mm-600mm-1000mm\/#primaryimage"},"image":{"@id":"https:\/\/www.slovklima.sk\/en\/product\/konzola-podlahova-tecnosystemi-450mm-600mm-1000mm\/#primaryimage"},"thumbnailUrl":"https:\/\/www.slovklima.sk\/wp-content\/uploads\/2025\/08\/11105062_64.jpg","datePublished":"2025-08-18T06:44:49+00:00","dateModified":"2025-08-18T06:47:18+00:00","breadcrumb":{"@id":"https:\/\/www.slovklima.sk\/en\/product\/konzola-podlahova-tecnosystemi-450mm-600mm-1000mm\/#breadcrumb"},"inLanguage":"en-US","potentialAction":[{"@type":"ReadAction","target":["https:\/\/www.slovklima.sk\/en\/product\/konzola-podlahova-tecnosystemi-450mm-600mm-1000mm\/"]}]},{"@type":"ImageObject","inLanguage":"en-US","@id":"https:\/\/www.slovklima.sk\/en\/product\/konzola-podlahova-tecnosystemi-450mm-600mm-1000mm\/#primaryimage","url":"https:\/\/www.slovklima.sk\/wp-content\/uploads\/2025\/08\/11105062_64.jpg","contentUrl":"https:\/\/www.slovklima.sk\/wp-content\/uploads\/2025\/08\/11105062_64.jpg","width":800,"height":1000},{"@type":"BreadcrumbList","@id":"https:\/\/www.slovklima.sk\/en\/product\/konzola-podlahova-tecnosystemi-450mm-600mm-1000mm\/#breadcrumb","itemListElement":[{"@type":"ListItem","position":1,"name":"Domovsk\u00e1 str\u00e1nka","item":"https:\/\/www.slovklima.sk\/en\/"},{"@type":"ListItem","position":2,"name":"Products","item":"https:\/\/www.slovklima.sk\/en\/products\/"},{"@type":"ListItem","position":3,"name":"Konzola podlahov\u00e1 Tecnosystemi 450mm, 600mm, 1000mm"}]},{"@type":"WebSite","@id":"https:\/\/www.slovklima.sk\/#website","url":"https:\/\/www.slovklima.sk\/","name":"SLOVKLIMA DEIMOS group, s.r.o.","description":"","publisher":{"@id":"https:\/\/www.slovklima.sk\/#organization"},"alternateName":"SLOVKLIMA","potentialAction":[{"@type":"SearchAction","target":{"@type":"EntryPoint","urlTemplate":"https:\/\/www.slovklima.sk\/?s={search_term_string}"},"query-input":{"@type":"PropertyValueSpecification","valueRequired":true,"valueName":"search_term_string"}}],"inLanguage":"en-US"},{"@type":"Organization","@id":"https:\/\/www.slovklima.sk\/#organization","name":"SLOVKLIMA DEIMOS group, s.r.o.","alternateName":"SLOVKLIMA","url":"https:\/\/www.slovklima.sk\/","logo":{"@type":"ImageObject","inLanguage":"en-US","@id":"https:\/\/www.slovklima.sk\/#\/schema\/logo\/image\/","url":"https:\/\/www.slovklima.sk\/wp-content\/uploads\/2022\/12\/slovklima-logo-black.svg","contentUrl":"https:\/\/www.slovklima.sk\/wp-content\/uploads\/2022\/12\/slovklima-logo-black.svg","width":3218,"height":698,"caption":"SLOVKLIMA DEIMOS group, s.r.o."},"image":{"@id":"https:\/\/www.slovklima.sk\/#\/schema\/logo\/image\/"}}]}},"_links":{"self":[{"href":"https:\/\/www.slovklima.sk\/en\/wp-json\/wp\/v2\/product\/18461","targetHints":{"allow":["GET"]}}],"collection":[{"href":"https:\/\/www.slovklima.sk\/en\/wp-json\/wp\/v2\/product"}],"about":[{"href":"https:\/\/www.slovklima.sk\/en\/wp-json\/wp\/v2\/types\/product"}],"wp:featuredmedia":[{"embeddable":true,"href":"https:\/\/www.slovklima.sk\/en\/wp-json\/wp\/v2\/media\/18464"}],"wp:attachment":[{"href":"https:\/\/www.slovklima.sk\/en\/wp-json\/wp\/v2\/media?parent=18461"}],"wp:term":[{"taxonomy":"product_brand","embeddable":true,"href":"https:\/\/www.slovklima.sk\/en\/wp-json\/wp\/v2\/product_brand?post=18461"},{"taxonomy":"product_cat","embeddable":true,"href":"https:\/\/www.slovklima.sk\/en\/wp-json\/wp\/v2\/product_cat?post=18461"},{"taxonomy":"product_tag","embeddable":true,"href":"https:\/\/www.slovklima.sk\/en\/wp-json\/wp\/v2\/product_tag?post=18461"}],"curies":[{"name":"wp","href":"https:\/\/api.w.org\/{rel}","templated":true}]}}