{"id":17185,"date":"2025-07-02T17:38:22","date_gmt":"2025-07-02T15:38:22","guid":{"rendered":"https:\/\/www.slovklima.sk\/?post_type=product&#038;p=17185"},"modified":"2025-11-05T08:54:31","modified_gmt":"2025-11-05T07:54:31","slug":"kompresor-copeland-c-seria","status":"publish","type":"product","link":"https:\/\/www.slovklima.sk\/en\/product\/kompresor-copeland-c-seria\/","title":{"rendered":"Kompresor Copeland (C s\u00e9ria)"},"content":{"rendered":"","protected":false},"excerpt":{"rendered":"<p>Copeland kompresory C s\u00e9ria s\u00fa hermetick\u00e9 scroll kompresory navrhnut\u00e9 pre aplik\u00e1cie v klimatiza\u010dn\u00fdch a chladiacich syst\u00e9moch stredn\u00e9ho rozsahu. Vyzna\u010duj\u00fa sa vysokou \u00fa\u010dinnos\u0165ou, tichou prev\u00e1dzkou a robustnou kon\u0161trukciou, ktor\u00e1 zais\u0165uje spo\u013eahliv\u00fd chod aj pri n\u00e1ro\u010dn\u00fdch podmienkach. V\u010faka technol\u00f3gii scroll dosahuj\u00fa plynulej\u0161\u00ed chod, ni\u017e\u0161ie vibr\u00e1cie a dlh\u0161iu \u017eivotnos\u0165 v porovnan\u00ed s tradi\u010dn\u00fdmi piestov\u00fdmi kompresormi. S\u00fa \u0161iroko vyu\u017e\u00edvan\u00e9 v reziden\u010dn\u00fdch a \u013eahk\u00fdch komer\u010dn\u00fdch klimatiza\u010dn\u00fdch jednotk\u00e1ch.<\/p>\n<p><strong>Pou\u017eitie:<\/strong> Reziden\u010dn\u00e1 a komer\u010dn\u00e1 klimatiz\u00e1cia \u2013 splitov\u00e9 a rooftop jednotky<\/p>\n","protected":false},"featured_media":17140,"template":"","meta":[],"product_brand":[],"product_cat":[221,228,227,233],"product_tag":[],"class_list":{"0":"post-17185","1":"product","2":"type-product","3":"status-publish","4":"has-post-thumbnail","6":"product_cat-air-conditioning","7":"product_cat-compressors","8":"product_cat-professional-cooling","9":"product_cat-hermetic-scroll-compressors","11":"first","12":"instock","13":"shipping-taxable","14":"product-type-simple"},"yoast_head":"<!-- This site is optimized with the Yoast SEO plugin v24.3 - https:\/\/yoast.com\/wordpress\/plugins\/seo\/ -->\n<title>Kompresor Copeland (C s\u00e9ria) | SLOVKLIMA DEIMOS group, s.r.o.<\/title>\n<meta name=\"robots\" content=\"index, follow, max-snippet:-1, max-image-preview:large, max-video-preview:-1\" \/>\n<link rel=\"canonical\" href=\"https:\/\/www.slovklima.sk\/en\/product\/kompresor-copeland-c-seria\/\" \/>\n<meta property=\"og:locale\" content=\"en_US\" \/>\n<meta property=\"og:type\" content=\"article\" \/>\n<meta property=\"og:title\" content=\"Kompresor Copeland (C s\u00e9ria) | SLOVKLIMA DEIMOS group, s.r.o.\" \/>\n<meta property=\"og:description\" content=\"Copeland kompresory C s\u00e9ria s\u00fa hermetick\u00e9 scroll kompresory navrhnut\u00e9 pre aplik\u00e1cie v klimatiza\u010dn\u00fdch a chladiacich syst\u00e9moch stredn\u00e9ho rozsahu. Vyzna\u010duj\u00fa sa vysokou \u00fa\u010dinnos\u0165ou, tichou prev\u00e1dzkou a robustnou kon\u0161trukciou, ktor\u00e1 zais\u0165uje spo\u013eahliv\u00fd chod aj pri n\u00e1ro\u010dn\u00fdch podmienkach. V\u010faka technol\u00f3gii scroll dosahuj\u00fa plynulej\u0161\u00ed chod, ni\u017e\u0161ie vibr\u00e1cie a dlh\u0161iu \u017eivotnos\u0165 v porovnan\u00ed s tradi\u010dn\u00fdmi piestov\u00fdmi kompresormi. S\u00fa \u0161iroko vyu\u017e\u00edvan\u00e9 v reziden\u010dn\u00fdch a \u013eahk\u00fdch komer\u010dn\u00fdch klimatiza\u010dn\u00fdch jednotk\u00e1ch.  Pou\u017eitie: Reziden\u010dn\u00e1 a komer\u010dn\u00e1 klimatiz\u00e1cia \u2013 splitov\u00e9 a rooftop jednotky\" \/>\n<meta property=\"og:url\" content=\"https:\/\/www.slovklima.sk\/en\/product\/kompresor-copeland-c-seria\/\" \/>\n<meta property=\"og:site_name\" content=\"SLOVKLIMA DEIMOS group, s.r.o.\" \/>\n<meta property=\"article:modified_time\" content=\"2025-11-05T07:54:31+00:00\" \/>\n<meta property=\"og:image\" content=\"https:\/\/www.slovklima.sk\/wp-content\/uploads\/2025\/07\/kompresor_Copeland_CR.jpg\" \/>\n\t<meta property=\"og:image:width\" content=\"800\" \/>\n\t<meta property=\"og:image:height\" content=\"1000\" \/>\n\t<meta property=\"og:image:type\" content=\"image\/jpeg\" \/>\n<meta name=\"twitter:card\" content=\"summary_large_image\" \/>\n<meta name=\"twitter:label1\" content=\"Est. reading time\" \/>\n\t<meta name=\"twitter:data1\" content=\"1 minute\" \/>\n<script type=\"application\/ld+json\" class=\"yoast-schema-graph\">{\"@context\":\"https:\/\/schema.org\",\"@graph\":[{\"@type\":\"WebPage\",\"@id\":\"https:\/\/www.slovklima.sk\/en\/product\/kompresor-copeland-c-seria\/\",\"url\":\"https:\/\/www.slovklima.sk\/en\/product\/kompresor-copeland-c-seria\/\",\"name\":\"Kompresor Copeland (C s\u00e9ria) | SLOVKLIMA DEIMOS group, s.r.o.\",\"isPartOf\":{\"@id\":\"https:\/\/www.slovklima.sk\/#website\"},\"primaryImageOfPage\":{\"@id\":\"https:\/\/www.slovklima.sk\/en\/product\/kompresor-copeland-c-seria\/#primaryimage\"},\"image\":{\"@id\":\"https:\/\/www.slovklima.sk\/en\/product\/kompresor-copeland-c-seria\/#primaryimage\"},\"thumbnailUrl\":\"https:\/\/www.slovklima.sk\/wp-content\/uploads\/2025\/07\/kompresor_Copeland_CR.jpg\",\"datePublished\":\"2025-07-02T15:38:22+00:00\",\"dateModified\":\"2025-11-05T07:54:31+00:00\",\"breadcrumb\":{\"@id\":\"https:\/\/www.slovklima.sk\/en\/product\/kompresor-copeland-c-seria\/#breadcrumb\"},\"inLanguage\":\"en-US\",\"potentialAction\":[{\"@type\":\"ReadAction\",\"target\":[\"https:\/\/www.slovklima.sk\/en\/product\/kompresor-copeland-c-seria\/\"]}]},{\"@type\":\"ImageObject\",\"inLanguage\":\"en-US\",\"@id\":\"https:\/\/www.slovklima.sk\/en\/product\/kompresor-copeland-c-seria\/#primaryimage\",\"url\":\"https:\/\/www.slovklima.sk\/wp-content\/uploads\/2025\/07\/kompresor_Copeland_CR.jpg\",\"contentUrl\":\"https:\/\/www.slovklima.sk\/wp-content\/uploads\/2025\/07\/kompresor_Copeland_CR.jpg\",\"width\":800,\"height\":1000},{\"@type\":\"BreadcrumbList\",\"@id\":\"https:\/\/www.slovklima.sk\/en\/product\/kompresor-copeland-c-seria\/#breadcrumb\",\"itemListElement\":[{\"@type\":\"ListItem\",\"position\":1,\"name\":\"Domovsk\u00e1 str\u00e1nka\",\"item\":\"https:\/\/www.slovklima.sk\/en\/\"},{\"@type\":\"ListItem\",\"position\":2,\"name\":\"Products\",\"item\":\"https:\/\/www.slovklima.sk\/en\/products\/\"},{\"@type\":\"ListItem\",\"position\":3,\"name\":\"Kompresor Copeland (C s\u00e9ria)\"}]},{\"@type\":\"WebSite\",\"@id\":\"https:\/\/www.slovklima.sk\/#website\",\"url\":\"https:\/\/www.slovklima.sk\/\",\"name\":\"SLOVKLIMA DEIMOS group, s.r.o.\",\"description\":\"\",\"publisher\":{\"@id\":\"https:\/\/www.slovklima.sk\/#organization\"},\"alternateName\":\"SLOVKLIMA\",\"potentialAction\":[{\"@type\":\"SearchAction\",\"target\":{\"@type\":\"EntryPoint\",\"urlTemplate\":\"https:\/\/www.slovklima.sk\/?s={search_term_string}\"},\"query-input\":{\"@type\":\"PropertyValueSpecification\",\"valueRequired\":true,\"valueName\":\"search_term_string\"}}],\"inLanguage\":\"en-US\"},{\"@type\":\"Organization\",\"@id\":\"https:\/\/www.slovklima.sk\/#organization\",\"name\":\"SLOVKLIMA DEIMOS group, s.r.o.\",\"alternateName\":\"SLOVKLIMA\",\"url\":\"https:\/\/www.slovklima.sk\/\",\"logo\":{\"@type\":\"ImageObject\",\"inLanguage\":\"en-US\",\"@id\":\"https:\/\/www.slovklima.sk\/#\/schema\/logo\/image\/\",\"url\":\"https:\/\/www.slovklima.sk\/wp-content\/uploads\/2022\/12\/slovklima-logo-black.svg\",\"contentUrl\":\"https:\/\/www.slovklima.sk\/wp-content\/uploads\/2022\/12\/slovklima-logo-black.svg\",\"width\":3218,\"height\":698,\"caption\":\"SLOVKLIMA DEIMOS group, s.r.o.\"},\"image\":{\"@id\":\"https:\/\/www.slovklima.sk\/#\/schema\/logo\/image\/\"}}]}<\/script>\n<!-- \/ Yoast SEO plugin. -->","yoast_head_json":{"title":"Kompresor Copeland (C s\u00e9ria) | SLOVKLIMA DEIMOS group, s.r.o.","robots":{"index":"index","follow":"follow","max-snippet":"max-snippet:-1","max-image-preview":"max-image-preview:large","max-video-preview":"max-video-preview:-1"},"canonical":"https:\/\/www.slovklima.sk\/en\/product\/kompresor-copeland-c-seria\/","og_locale":"en_US","og_type":"article","og_title":"Kompresor Copeland (C s\u00e9ria) | SLOVKLIMA DEIMOS group, s.r.o.","og_description":"Copeland kompresory C s\u00e9ria s\u00fa hermetick\u00e9 scroll kompresory navrhnut\u00e9 pre aplik\u00e1cie v klimatiza\u010dn\u00fdch a chladiacich syst\u00e9moch stredn\u00e9ho rozsahu. Vyzna\u010duj\u00fa sa vysokou \u00fa\u010dinnos\u0165ou, tichou prev\u00e1dzkou a robustnou kon\u0161trukciou, ktor\u00e1 zais\u0165uje spo\u013eahliv\u00fd chod aj pri n\u00e1ro\u010dn\u00fdch podmienkach. V\u010faka technol\u00f3gii scroll dosahuj\u00fa plynulej\u0161\u00ed chod, ni\u017e\u0161ie vibr\u00e1cie a dlh\u0161iu \u017eivotnos\u0165 v porovnan\u00ed s tradi\u010dn\u00fdmi piestov\u00fdmi kompresormi. S\u00fa \u0161iroko vyu\u017e\u00edvan\u00e9 v reziden\u010dn\u00fdch a \u013eahk\u00fdch komer\u010dn\u00fdch klimatiza\u010dn\u00fdch jednotk\u00e1ch.  Pou\u017eitie: Reziden\u010dn\u00e1 a komer\u010dn\u00e1 klimatiz\u00e1cia \u2013 splitov\u00e9 a rooftop jednotky","og_url":"https:\/\/www.slovklima.sk\/en\/product\/kompresor-copeland-c-seria\/","og_site_name":"SLOVKLIMA DEIMOS group, s.r.o.","article_modified_time":"2025-11-05T07:54:31+00:00","og_image":[{"width":800,"height":1000,"url":"https:\/\/www.slovklima.sk\/wp-content\/uploads\/2025\/07\/kompresor_Copeland_CR.jpg","type":"image\/jpeg"}],"twitter_card":"summary_large_image","twitter_misc":{"Est. reading time":"1 minute"},"schema":{"@context":"https:\/\/schema.org","@graph":[{"@type":"WebPage","@id":"https:\/\/www.slovklima.sk\/en\/product\/kompresor-copeland-c-seria\/","url":"https:\/\/www.slovklima.sk\/en\/product\/kompresor-copeland-c-seria\/","name":"Kompresor Copeland (C s\u00e9ria) | SLOVKLIMA DEIMOS group, s.r.o.","isPartOf":{"@id":"https:\/\/www.slovklima.sk\/#website"},"primaryImageOfPage":{"@id":"https:\/\/www.slovklima.sk\/en\/product\/kompresor-copeland-c-seria\/#primaryimage"},"image":{"@id":"https:\/\/www.slovklima.sk\/en\/product\/kompresor-copeland-c-seria\/#primaryimage"},"thumbnailUrl":"https:\/\/www.slovklima.sk\/wp-content\/uploads\/2025\/07\/kompresor_Copeland_CR.jpg","datePublished":"2025-07-02T15:38:22+00:00","dateModified":"2025-11-05T07:54:31+00:00","breadcrumb":{"@id":"https:\/\/www.slovklima.sk\/en\/product\/kompresor-copeland-c-seria\/#breadcrumb"},"inLanguage":"en-US","potentialAction":[{"@type":"ReadAction","target":["https:\/\/www.slovklima.sk\/en\/product\/kompresor-copeland-c-seria\/"]}]},{"@type":"ImageObject","inLanguage":"en-US","@id":"https:\/\/www.slovklima.sk\/en\/product\/kompresor-copeland-c-seria\/#primaryimage","url":"https:\/\/www.slovklima.sk\/wp-content\/uploads\/2025\/07\/kompresor_Copeland_CR.jpg","contentUrl":"https:\/\/www.slovklima.sk\/wp-content\/uploads\/2025\/07\/kompresor_Copeland_CR.jpg","width":800,"height":1000},{"@type":"BreadcrumbList","@id":"https:\/\/www.slovklima.sk\/en\/product\/kompresor-copeland-c-seria\/#breadcrumb","itemListElement":[{"@type":"ListItem","position":1,"name":"Domovsk\u00e1 str\u00e1nka","item":"https:\/\/www.slovklima.sk\/en\/"},{"@type":"ListItem","position":2,"name":"Products","item":"https:\/\/www.slovklima.sk\/en\/products\/"},{"@type":"ListItem","position":3,"name":"Kompresor Copeland (C s\u00e9ria)"}]},{"@type":"WebSite","@id":"https:\/\/www.slovklima.sk\/#website","url":"https:\/\/www.slovklima.sk\/","name":"SLOVKLIMA DEIMOS group, s.r.o.","description":"","publisher":{"@id":"https:\/\/www.slovklima.sk\/#organization"},"alternateName":"SLOVKLIMA","potentialAction":[{"@type":"SearchAction","target":{"@type":"EntryPoint","urlTemplate":"https:\/\/www.slovklima.sk\/?s={search_term_string}"},"query-input":{"@type":"PropertyValueSpecification","valueRequired":true,"valueName":"search_term_string"}}],"inLanguage":"en-US"},{"@type":"Organization","@id":"https:\/\/www.slovklima.sk\/#organization","name":"SLOVKLIMA DEIMOS group, s.r.o.","alternateName":"SLOVKLIMA","url":"https:\/\/www.slovklima.sk\/","logo":{"@type":"ImageObject","inLanguage":"en-US","@id":"https:\/\/www.slovklima.sk\/#\/schema\/logo\/image\/","url":"https:\/\/www.slovklima.sk\/wp-content\/uploads\/2022\/12\/slovklima-logo-black.svg","contentUrl":"https:\/\/www.slovklima.sk\/wp-content\/uploads\/2022\/12\/slovklima-logo-black.svg","width":3218,"height":698,"caption":"SLOVKLIMA DEIMOS group, s.r.o."},"image":{"@id":"https:\/\/www.slovklima.sk\/#\/schema\/logo\/image\/"}}]}},"_links":{"self":[{"href":"https:\/\/www.slovklima.sk\/en\/wp-json\/wp\/v2\/product\/17185","targetHints":{"allow":["GET"]}}],"collection":[{"href":"https:\/\/www.slovklima.sk\/en\/wp-json\/wp\/v2\/product"}],"about":[{"href":"https:\/\/www.slovklima.sk\/en\/wp-json\/wp\/v2\/types\/product"}],"wp:featuredmedia":[{"embeddable":true,"href":"https:\/\/www.slovklima.sk\/en\/wp-json\/wp\/v2\/media\/17140"}],"wp:attachment":[{"href":"https:\/\/www.slovklima.sk\/en\/wp-json\/wp\/v2\/media?parent=17185"}],"wp:term":[{"taxonomy":"product_brand","embeddable":true,"href":"https:\/\/www.slovklima.sk\/en\/wp-json\/wp\/v2\/product_brand?post=17185"},{"taxonomy":"product_cat","embeddable":true,"href":"https:\/\/www.slovklima.sk\/en\/wp-json\/wp\/v2\/product_cat?post=17185"},{"taxonomy":"product_tag","embeddable":true,"href":"https:\/\/www.slovklima.sk\/en\/wp-json\/wp\/v2\/product_tag?post=17185"}],"curies":[{"name":"wp","href":"https:\/\/api.w.org\/{rel}","templated":true}]}}