{"id":16024,"date":"2025-06-12T13:34:10","date_gmt":"2025-06-12T11:34:10","guid":{"rendered":"https:\/\/www.slovklima.sk\/produkt\/zberac-chladiva\/"},"modified":"2025-07-22T10:13:14","modified_gmt":"2025-07-22T08:13:14","slug":"zberac-chladiva","status":"publish","type":"product","link":"https:\/\/www.slovklima.sk\/en\/product\/zberac-chladiva\/","title":{"rendered":"Zbera\u010d chladiva"},"content":{"rendered":"","protected":false},"excerpt":{"rendered":"<p>Zbera\u010de chladiva sl\u00fa\u017eia na zhroma\u017e\u010fovanie prebyto\u010dn\u00e9ho chladiva v chladiacich a klimatiza\u010dn\u00fdch syst\u00e9moch. S\u00fa dostupn\u00e9 v r\u00f4znych objemoch pod\u013ea po\u017eiadaviek syst\u00e9mu. Zais\u0165uj\u00fa stabiln\u00fd tlak a ochranu kompresora pred kvapaln\u00fdm chladivom.<\/p>\n","protected":false},"featured_media":15977,"template":"","meta":[],"product_brand":[],"product_cat":[296,227,304],"product_tag":[],"class_list":{"0":"post-16024","1":"product","2":"type-product","3":"status-publish","4":"has-post-thumbnail","6":"product_cat-components-of-refrigeration-units","7":"product_cat-professional-cooling","8":"product_cat-refrigerant-collectors","10":"first","11":"instock","12":"shipping-taxable","13":"product-type-simple"},"yoast_head":"<!-- This site is optimized with the Yoast SEO plugin v24.3 - https:\/\/yoast.com\/wordpress\/plugins\/seo\/ -->\n<title>Zbera\u010d chladiva | SLOVKLIMA DEIMOS group, s.r.o.<\/title>\n<meta name=\"robots\" content=\"index, follow, max-snippet:-1, max-image-preview:large, max-video-preview:-1\" \/>\n<link rel=\"canonical\" href=\"https:\/\/www.slovklima.sk\/en\/product\/zberac-chladiva\/\" \/>\n<meta property=\"og:locale\" content=\"en_US\" \/>\n<meta property=\"og:type\" content=\"article\" \/>\n<meta property=\"og:title\" content=\"Zbera\u010d chladiva | SLOVKLIMA DEIMOS group, s.r.o.\" \/>\n<meta property=\"og:description\" content=\"Zbera\u010de chladiva sl\u00fa\u017eia na zhroma\u017e\u010fovanie prebyto\u010dn\u00e9ho chladiva v chladiacich a klimatiza\u010dn\u00fdch syst\u00e9moch. S\u00fa dostupn\u00e9 v r\u00f4znych objemoch pod\u013ea po\u017eiadaviek syst\u00e9mu. Zais\u0165uj\u00fa stabiln\u00fd tlak a ochranu kompresora pred kvapaln\u00fdm chladivom.\" \/>\n<meta property=\"og:url\" content=\"https:\/\/www.slovklima.sk\/en\/product\/zberac-chladiva\/\" \/>\n<meta property=\"og:site_name\" content=\"SLOVKLIMA DEIMOS group, s.r.o.\" \/>\n<meta property=\"article:modified_time\" content=\"2025-07-22T08:13:14+00:00\" \/>\n<meta property=\"og:image\" content=\"https:\/\/www.slovklima.sk\/wp-content\/uploads\/2025\/06\/zberac_chladiva.jpg\" \/>\n\t<meta property=\"og:image:width\" content=\"800\" \/>\n\t<meta property=\"og:image:height\" content=\"1000\" \/>\n\t<meta property=\"og:image:type\" content=\"image\/jpeg\" \/>\n<meta name=\"twitter:card\" content=\"summary_large_image\" \/>\n<meta name=\"twitter:label1\" content=\"Est. reading time\" \/>\n\t<meta name=\"twitter:data1\" content=\"1 minute\" \/>\n<script type=\"application\/ld+json\" class=\"yoast-schema-graph\">{\"@context\":\"https:\/\/schema.org\",\"@graph\":[{\"@type\":\"WebPage\",\"@id\":\"https:\/\/www.slovklima.sk\/en\/product\/zberac-chladiva\/\",\"url\":\"https:\/\/www.slovklima.sk\/en\/product\/zberac-chladiva\/\",\"name\":\"Zbera\u010d chladiva | SLOVKLIMA DEIMOS group, s.r.o.\",\"isPartOf\":{\"@id\":\"https:\/\/www.slovklima.sk\/#website\"},\"primaryImageOfPage\":{\"@id\":\"https:\/\/www.slovklima.sk\/en\/product\/zberac-chladiva\/#primaryimage\"},\"image\":{\"@id\":\"https:\/\/www.slovklima.sk\/en\/product\/zberac-chladiva\/#primaryimage\"},\"thumbnailUrl\":\"https:\/\/www.slovklima.sk\/wp-content\/uploads\/2025\/06\/zberac_chladiva.jpg\",\"datePublished\":\"2025-06-12T11:34:10+00:00\",\"dateModified\":\"2025-07-22T08:13:14+00:00\",\"breadcrumb\":{\"@id\":\"https:\/\/www.slovklima.sk\/en\/product\/zberac-chladiva\/#breadcrumb\"},\"inLanguage\":\"en-US\",\"potentialAction\":[{\"@type\":\"ReadAction\",\"target\":[\"https:\/\/www.slovklima.sk\/en\/product\/zberac-chladiva\/\"]}]},{\"@type\":\"ImageObject\",\"inLanguage\":\"en-US\",\"@id\":\"https:\/\/www.slovklima.sk\/en\/product\/zberac-chladiva\/#primaryimage\",\"url\":\"https:\/\/www.slovklima.sk\/wp-content\/uploads\/2025\/06\/zberac_chladiva.jpg\",\"contentUrl\":\"https:\/\/www.slovklima.sk\/wp-content\/uploads\/2025\/06\/zberac_chladiva.jpg\",\"width\":800,\"height\":1000},{\"@type\":\"BreadcrumbList\",\"@id\":\"https:\/\/www.slovklima.sk\/en\/product\/zberac-chladiva\/#breadcrumb\",\"itemListElement\":[{\"@type\":\"ListItem\",\"position\":1,\"name\":\"Domovsk\u00e1 str\u00e1nka\",\"item\":\"https:\/\/www.slovklima.sk\/en\/\"},{\"@type\":\"ListItem\",\"position\":2,\"name\":\"Products\",\"item\":\"https:\/\/www.slovklima.sk\/en\/products\/\"},{\"@type\":\"ListItem\",\"position\":3,\"name\":\"Zbera\u010d chladiva\"}]},{\"@type\":\"WebSite\",\"@id\":\"https:\/\/www.slovklima.sk\/#website\",\"url\":\"https:\/\/www.slovklima.sk\/\",\"name\":\"SLOVKLIMA DEIMOS group, s.r.o.\",\"description\":\"\",\"publisher\":{\"@id\":\"https:\/\/www.slovklima.sk\/#organization\"},\"alternateName\":\"SLOVKLIMA\",\"potentialAction\":[{\"@type\":\"SearchAction\",\"target\":{\"@type\":\"EntryPoint\",\"urlTemplate\":\"https:\/\/www.slovklima.sk\/?s={search_term_string}\"},\"query-input\":{\"@type\":\"PropertyValueSpecification\",\"valueRequired\":true,\"valueName\":\"search_term_string\"}}],\"inLanguage\":\"en-US\"},{\"@type\":\"Organization\",\"@id\":\"https:\/\/www.slovklima.sk\/#organization\",\"name\":\"SLOVKLIMA DEIMOS group, s.r.o.\",\"alternateName\":\"SLOVKLIMA\",\"url\":\"https:\/\/www.slovklima.sk\/\",\"logo\":{\"@type\":\"ImageObject\",\"inLanguage\":\"en-US\",\"@id\":\"https:\/\/www.slovklima.sk\/#\/schema\/logo\/image\/\",\"url\":\"https:\/\/www.slovklima.sk\/wp-content\/uploads\/2022\/12\/slovklima-logo-black.svg\",\"contentUrl\":\"https:\/\/www.slovklima.sk\/wp-content\/uploads\/2022\/12\/slovklima-logo-black.svg\",\"width\":3218,\"height\":698,\"caption\":\"SLOVKLIMA DEIMOS group, s.r.o.\"},\"image\":{\"@id\":\"https:\/\/www.slovklima.sk\/#\/schema\/logo\/image\/\"}}]}<\/script>\n<!-- \/ Yoast SEO plugin. -->","yoast_head_json":{"title":"Zbera\u010d chladiva | SLOVKLIMA DEIMOS group, s.r.o.","robots":{"index":"index","follow":"follow","max-snippet":"max-snippet:-1","max-image-preview":"max-image-preview:large","max-video-preview":"max-video-preview:-1"},"canonical":"https:\/\/www.slovklima.sk\/en\/product\/zberac-chladiva\/","og_locale":"en_US","og_type":"article","og_title":"Zbera\u010d chladiva | SLOVKLIMA DEIMOS group, s.r.o.","og_description":"Zbera\u010de chladiva sl\u00fa\u017eia na zhroma\u017e\u010fovanie prebyto\u010dn\u00e9ho chladiva v chladiacich a klimatiza\u010dn\u00fdch syst\u00e9moch. S\u00fa dostupn\u00e9 v r\u00f4znych objemoch pod\u013ea po\u017eiadaviek syst\u00e9mu. Zais\u0165uj\u00fa stabiln\u00fd tlak a ochranu kompresora pred kvapaln\u00fdm chladivom.","og_url":"https:\/\/www.slovklima.sk\/en\/product\/zberac-chladiva\/","og_site_name":"SLOVKLIMA DEIMOS group, s.r.o.","article_modified_time":"2025-07-22T08:13:14+00:00","og_image":[{"width":800,"height":1000,"url":"https:\/\/www.slovklima.sk\/wp-content\/uploads\/2025\/06\/zberac_chladiva.jpg","type":"image\/jpeg"}],"twitter_card":"summary_large_image","twitter_misc":{"Est. reading time":"1 minute"},"schema":{"@context":"https:\/\/schema.org","@graph":[{"@type":"WebPage","@id":"https:\/\/www.slovklima.sk\/en\/product\/zberac-chladiva\/","url":"https:\/\/www.slovklima.sk\/en\/product\/zberac-chladiva\/","name":"Zbera\u010d chladiva | SLOVKLIMA DEIMOS group, s.r.o.","isPartOf":{"@id":"https:\/\/www.slovklima.sk\/#website"},"primaryImageOfPage":{"@id":"https:\/\/www.slovklima.sk\/en\/product\/zberac-chladiva\/#primaryimage"},"image":{"@id":"https:\/\/www.slovklima.sk\/en\/product\/zberac-chladiva\/#primaryimage"},"thumbnailUrl":"https:\/\/www.slovklima.sk\/wp-content\/uploads\/2025\/06\/zberac_chladiva.jpg","datePublished":"2025-06-12T11:34:10+00:00","dateModified":"2025-07-22T08:13:14+00:00","breadcrumb":{"@id":"https:\/\/www.slovklima.sk\/en\/product\/zberac-chladiva\/#breadcrumb"},"inLanguage":"en-US","potentialAction":[{"@type":"ReadAction","target":["https:\/\/www.slovklima.sk\/en\/product\/zberac-chladiva\/"]}]},{"@type":"ImageObject","inLanguage":"en-US","@id":"https:\/\/www.slovklima.sk\/en\/product\/zberac-chladiva\/#primaryimage","url":"https:\/\/www.slovklima.sk\/wp-content\/uploads\/2025\/06\/zberac_chladiva.jpg","contentUrl":"https:\/\/www.slovklima.sk\/wp-content\/uploads\/2025\/06\/zberac_chladiva.jpg","width":800,"height":1000},{"@type":"BreadcrumbList","@id":"https:\/\/www.slovklima.sk\/en\/product\/zberac-chladiva\/#breadcrumb","itemListElement":[{"@type":"ListItem","position":1,"name":"Domovsk\u00e1 str\u00e1nka","item":"https:\/\/www.slovklima.sk\/en\/"},{"@type":"ListItem","position":2,"name":"Products","item":"https:\/\/www.slovklima.sk\/en\/products\/"},{"@type":"ListItem","position":3,"name":"Zbera\u010d chladiva"}]},{"@type":"WebSite","@id":"https:\/\/www.slovklima.sk\/#website","url":"https:\/\/www.slovklima.sk\/","name":"SLOVKLIMA DEIMOS group, s.r.o.","description":"","publisher":{"@id":"https:\/\/www.slovklima.sk\/#organization"},"alternateName":"SLOVKLIMA","potentialAction":[{"@type":"SearchAction","target":{"@type":"EntryPoint","urlTemplate":"https:\/\/www.slovklima.sk\/?s={search_term_string}"},"query-input":{"@type":"PropertyValueSpecification","valueRequired":true,"valueName":"search_term_string"}}],"inLanguage":"en-US"},{"@type":"Organization","@id":"https:\/\/www.slovklima.sk\/#organization","name":"SLOVKLIMA DEIMOS group, s.r.o.","alternateName":"SLOVKLIMA","url":"https:\/\/www.slovklima.sk\/","logo":{"@type":"ImageObject","inLanguage":"en-US","@id":"https:\/\/www.slovklima.sk\/#\/schema\/logo\/image\/","url":"https:\/\/www.slovklima.sk\/wp-content\/uploads\/2022\/12\/slovklima-logo-black.svg","contentUrl":"https:\/\/www.slovklima.sk\/wp-content\/uploads\/2022\/12\/slovklima-logo-black.svg","width":3218,"height":698,"caption":"SLOVKLIMA DEIMOS group, s.r.o."},"image":{"@id":"https:\/\/www.slovklima.sk\/#\/schema\/logo\/image\/"}}]}},"_links":{"self":[{"href":"https:\/\/www.slovklima.sk\/en\/wp-json\/wp\/v2\/product\/16024","targetHints":{"allow":["GET"]}}],"collection":[{"href":"https:\/\/www.slovklima.sk\/en\/wp-json\/wp\/v2\/product"}],"about":[{"href":"https:\/\/www.slovklima.sk\/en\/wp-json\/wp\/v2\/types\/product"}],"wp:featuredmedia":[{"embeddable":true,"href":"https:\/\/www.slovklima.sk\/en\/wp-json\/wp\/v2\/media\/15977"}],"wp:attachment":[{"href":"https:\/\/www.slovklima.sk\/en\/wp-json\/wp\/v2\/media?parent=16024"}],"wp:term":[{"taxonomy":"product_brand","embeddable":true,"href":"https:\/\/www.slovklima.sk\/en\/wp-json\/wp\/v2\/product_brand?post=16024"},{"taxonomy":"product_cat","embeddable":true,"href":"https:\/\/www.slovklima.sk\/en\/wp-json\/wp\/v2\/product_cat?post=16024"},{"taxonomy":"product_tag","embeddable":true,"href":"https:\/\/www.slovklima.sk\/en\/wp-json\/wp\/v2\/product_tag?post=16024"}],"curies":[{"name":"wp","href":"https:\/\/api.w.org\/{rel}","templated":true}]}}