{"id":15556,"date":"2025-06-05T11:17:09","date_gmt":"2025-06-05T09:17:09","guid":{"rendered":"https:\/\/www.slovklima.sk\/?post_type=product&#038;p=15556"},"modified":"2025-06-05T11:18:57","modified_gmt":"2025-06-05T09:18:57","slug":"ventil-spatny-castel","status":"publish","type":"product","link":"https:\/\/www.slovklima.sk\/en\/product\/ventil-spatny-castel\/","title":{"rendered":"Ventil sp\u00e4tn\u00fd Castel"},"content":{"rendered":"","protected":false},"excerpt":{"rendered":"<p>Sp\u00e4tn\u00e9 ventily zna\u010dky Castel zabezpe\u010duj\u00fa, \u017ee tekutina m\u00f4\u017ee pr\u00fadi\u0165 len v jednom smere, \u010d\u00edm zabra\u0148uj\u00fa sp\u00e4tn\u00e9mu toku. S\u00fa nevyhnutn\u00e9 v oblastiach, kde je kritick\u00e9 zabr\u00e1ni\u0165 po\u0161kodeniu zariaden\u00ed alebo zn\u00ed\u017eeniu efektivity v d\u00f4sledku sp\u00e4tn\u00e9ho pr\u00fadu.<\/p>\n","protected":false},"featured_media":15559,"template":"","meta":[],"product_brand":[],"product_cat":[504,227,274],"product_tag":[],"class_list":{"0":"post-15556","1":"product","2":"type-product","3":"status-publish","4":"has-post-thumbnail","6":"product_cat-shut-off-valves","7":"product_cat-professional-cooling","8":"product_cat-refrigeration-automation","10":"first","11":"instock","12":"shipping-taxable","13":"product-type-simple"},"yoast_head":"<!-- This site is optimized with the Yoast SEO plugin v24.3 - https:\/\/yoast.com\/wordpress\/plugins\/seo\/ -->\n<title>Ventil sp\u00e4tn\u00fd Castel | SLOVKLIMA DEIMOS group, s.r.o.<\/title>\n<meta name=\"robots\" content=\"index, follow, max-snippet:-1, max-image-preview:large, max-video-preview:-1\" \/>\n<link rel=\"canonical\" href=\"https:\/\/www.slovklima.sk\/en\/product\/ventil-spatny-castel\/\" \/>\n<meta property=\"og:locale\" content=\"en_US\" \/>\n<meta property=\"og:type\" content=\"article\" \/>\n<meta property=\"og:title\" content=\"Ventil sp\u00e4tn\u00fd Castel | SLOVKLIMA DEIMOS group, s.r.o.\" \/>\n<meta property=\"og:description\" content=\"Sp\u00e4tn\u00e9 ventily zna\u010dky Castel zabezpe\u010duj\u00fa, \u017ee tekutina m\u00f4\u017ee pr\u00fadi\u0165 len v jednom smere, \u010d\u00edm zabra\u0148uj\u00fa sp\u00e4tn\u00e9mu toku. S\u00fa nevyhnutn\u00e9 v oblastiach, kde je kritick\u00e9 zabr\u00e1ni\u0165 po\u0161kodeniu zariaden\u00ed alebo zn\u00ed\u017eeniu efektivity v d\u00f4sledku sp\u00e4tn\u00e9ho pr\u00fadu.\" \/>\n<meta property=\"og:url\" content=\"https:\/\/www.slovklima.sk\/en\/product\/ventil-spatny-castel\/\" \/>\n<meta property=\"og:site_name\" content=\"SLOVKLIMA DEIMOS group, s.r.o.\" \/>\n<meta property=\"article:modified_time\" content=\"2025-06-05T09:18:57+00:00\" \/>\n<meta property=\"og:image\" content=\"https:\/\/www.slovklima.sk\/wp-content\/uploads\/2025\/06\/Ventil_spatny_Castel.jpg\" \/>\n\t<meta property=\"og:image:width\" content=\"800\" \/>\n\t<meta property=\"og:image:height\" content=\"1000\" \/>\n\t<meta property=\"og:image:type\" content=\"image\/jpeg\" \/>\n<meta name=\"twitter:card\" content=\"summary_large_image\" \/>\n<meta name=\"twitter:label1\" content=\"Est. reading time\" \/>\n\t<meta name=\"twitter:data1\" content=\"1 minute\" \/>\n<script type=\"application\/ld+json\" class=\"yoast-schema-graph\">{\"@context\":\"https:\/\/schema.org\",\"@graph\":[{\"@type\":\"WebPage\",\"@id\":\"https:\/\/www.slovklima.sk\/en\/product\/ventil-spatny-castel\/\",\"url\":\"https:\/\/www.slovklima.sk\/en\/product\/ventil-spatny-castel\/\",\"name\":\"Ventil sp\u00e4tn\u00fd Castel | SLOVKLIMA DEIMOS group, s.r.o.\",\"isPartOf\":{\"@id\":\"https:\/\/www.slovklima.sk\/#website\"},\"primaryImageOfPage\":{\"@id\":\"https:\/\/www.slovklima.sk\/en\/product\/ventil-spatny-castel\/#primaryimage\"},\"image\":{\"@id\":\"https:\/\/www.slovklima.sk\/en\/product\/ventil-spatny-castel\/#primaryimage\"},\"thumbnailUrl\":\"https:\/\/www.slovklima.sk\/wp-content\/uploads\/2025\/06\/Ventil_spatny_Castel.jpg\",\"datePublished\":\"2025-06-05T09:17:09+00:00\",\"dateModified\":\"2025-06-05T09:18:57+00:00\",\"breadcrumb\":{\"@id\":\"https:\/\/www.slovklima.sk\/en\/product\/ventil-spatny-castel\/#breadcrumb\"},\"inLanguage\":\"en-US\",\"potentialAction\":[{\"@type\":\"ReadAction\",\"target\":[\"https:\/\/www.slovklima.sk\/en\/product\/ventil-spatny-castel\/\"]}]},{\"@type\":\"ImageObject\",\"inLanguage\":\"en-US\",\"@id\":\"https:\/\/www.slovklima.sk\/en\/product\/ventil-spatny-castel\/#primaryimage\",\"url\":\"https:\/\/www.slovklima.sk\/wp-content\/uploads\/2025\/06\/Ventil_spatny_Castel.jpg\",\"contentUrl\":\"https:\/\/www.slovklima.sk\/wp-content\/uploads\/2025\/06\/Ventil_spatny_Castel.jpg\",\"width\":800,\"height\":1000},{\"@type\":\"BreadcrumbList\",\"@id\":\"https:\/\/www.slovklima.sk\/en\/product\/ventil-spatny-castel\/#breadcrumb\",\"itemListElement\":[{\"@type\":\"ListItem\",\"position\":1,\"name\":\"Domovsk\u00e1 str\u00e1nka\",\"item\":\"https:\/\/www.slovklima.sk\/en\/\"},{\"@type\":\"ListItem\",\"position\":2,\"name\":\"Products\",\"item\":\"https:\/\/www.slovklima.sk\/en\/products\/\"},{\"@type\":\"ListItem\",\"position\":3,\"name\":\"Ventil sp\u00e4tn\u00fd Castel\"}]},{\"@type\":\"WebSite\",\"@id\":\"https:\/\/www.slovklima.sk\/#website\",\"url\":\"https:\/\/www.slovklima.sk\/\",\"name\":\"SLOVKLIMA DEIMOS group, s.r.o.\",\"description\":\"\",\"publisher\":{\"@id\":\"https:\/\/www.slovklima.sk\/#organization\"},\"alternateName\":\"SLOVKLIMA\",\"potentialAction\":[{\"@type\":\"SearchAction\",\"target\":{\"@type\":\"EntryPoint\",\"urlTemplate\":\"https:\/\/www.slovklima.sk\/?s={search_term_string}\"},\"query-input\":{\"@type\":\"PropertyValueSpecification\",\"valueRequired\":true,\"valueName\":\"search_term_string\"}}],\"inLanguage\":\"en-US\"},{\"@type\":\"Organization\",\"@id\":\"https:\/\/www.slovklima.sk\/#organization\",\"name\":\"SLOVKLIMA DEIMOS group, s.r.o.\",\"alternateName\":\"SLOVKLIMA\",\"url\":\"https:\/\/www.slovklima.sk\/\",\"logo\":{\"@type\":\"ImageObject\",\"inLanguage\":\"en-US\",\"@id\":\"https:\/\/www.slovklima.sk\/#\/schema\/logo\/image\/\",\"url\":\"https:\/\/www.slovklima.sk\/wp-content\/uploads\/2022\/12\/slovklima-logo-black.svg\",\"contentUrl\":\"https:\/\/www.slovklima.sk\/wp-content\/uploads\/2022\/12\/slovklima-logo-black.svg\",\"width\":3218,\"height\":698,\"caption\":\"SLOVKLIMA DEIMOS group, s.r.o.\"},\"image\":{\"@id\":\"https:\/\/www.slovklima.sk\/#\/schema\/logo\/image\/\"}}]}<\/script>\n<!-- \/ Yoast SEO plugin. -->","yoast_head_json":{"title":"Ventil sp\u00e4tn\u00fd Castel | SLOVKLIMA DEIMOS group, s.r.o.","robots":{"index":"index","follow":"follow","max-snippet":"max-snippet:-1","max-image-preview":"max-image-preview:large","max-video-preview":"max-video-preview:-1"},"canonical":"https:\/\/www.slovklima.sk\/en\/product\/ventil-spatny-castel\/","og_locale":"en_US","og_type":"article","og_title":"Ventil sp\u00e4tn\u00fd Castel | SLOVKLIMA DEIMOS group, s.r.o.","og_description":"Sp\u00e4tn\u00e9 ventily zna\u010dky Castel zabezpe\u010duj\u00fa, \u017ee tekutina m\u00f4\u017ee pr\u00fadi\u0165 len v jednom smere, \u010d\u00edm zabra\u0148uj\u00fa sp\u00e4tn\u00e9mu toku. S\u00fa nevyhnutn\u00e9 v oblastiach, kde je kritick\u00e9 zabr\u00e1ni\u0165 po\u0161kodeniu zariaden\u00ed alebo zn\u00ed\u017eeniu efektivity v d\u00f4sledku sp\u00e4tn\u00e9ho pr\u00fadu.","og_url":"https:\/\/www.slovklima.sk\/en\/product\/ventil-spatny-castel\/","og_site_name":"SLOVKLIMA DEIMOS group, s.r.o.","article_modified_time":"2025-06-05T09:18:57+00:00","og_image":[{"width":800,"height":1000,"url":"https:\/\/www.slovklima.sk\/wp-content\/uploads\/2025\/06\/Ventil_spatny_Castel.jpg","type":"image\/jpeg"}],"twitter_card":"summary_large_image","twitter_misc":{"Est. reading time":"1 minute"},"schema":{"@context":"https:\/\/schema.org","@graph":[{"@type":"WebPage","@id":"https:\/\/www.slovklima.sk\/en\/product\/ventil-spatny-castel\/","url":"https:\/\/www.slovklima.sk\/en\/product\/ventil-spatny-castel\/","name":"Ventil sp\u00e4tn\u00fd Castel | SLOVKLIMA DEIMOS group, s.r.o.","isPartOf":{"@id":"https:\/\/www.slovklima.sk\/#website"},"primaryImageOfPage":{"@id":"https:\/\/www.slovklima.sk\/en\/product\/ventil-spatny-castel\/#primaryimage"},"image":{"@id":"https:\/\/www.slovklima.sk\/en\/product\/ventil-spatny-castel\/#primaryimage"},"thumbnailUrl":"https:\/\/www.slovklima.sk\/wp-content\/uploads\/2025\/06\/Ventil_spatny_Castel.jpg","datePublished":"2025-06-05T09:17:09+00:00","dateModified":"2025-06-05T09:18:57+00:00","breadcrumb":{"@id":"https:\/\/www.slovklima.sk\/en\/product\/ventil-spatny-castel\/#breadcrumb"},"inLanguage":"en-US","potentialAction":[{"@type":"ReadAction","target":["https:\/\/www.slovklima.sk\/en\/product\/ventil-spatny-castel\/"]}]},{"@type":"ImageObject","inLanguage":"en-US","@id":"https:\/\/www.slovklima.sk\/en\/product\/ventil-spatny-castel\/#primaryimage","url":"https:\/\/www.slovklima.sk\/wp-content\/uploads\/2025\/06\/Ventil_spatny_Castel.jpg","contentUrl":"https:\/\/www.slovklima.sk\/wp-content\/uploads\/2025\/06\/Ventil_spatny_Castel.jpg","width":800,"height":1000},{"@type":"BreadcrumbList","@id":"https:\/\/www.slovklima.sk\/en\/product\/ventil-spatny-castel\/#breadcrumb","itemListElement":[{"@type":"ListItem","position":1,"name":"Domovsk\u00e1 str\u00e1nka","item":"https:\/\/www.slovklima.sk\/en\/"},{"@type":"ListItem","position":2,"name":"Products","item":"https:\/\/www.slovklima.sk\/en\/products\/"},{"@type":"ListItem","position":3,"name":"Ventil sp\u00e4tn\u00fd Castel"}]},{"@type":"WebSite","@id":"https:\/\/www.slovklima.sk\/#website","url":"https:\/\/www.slovklima.sk\/","name":"SLOVKLIMA DEIMOS group, s.r.o.","description":"","publisher":{"@id":"https:\/\/www.slovklima.sk\/#organization"},"alternateName":"SLOVKLIMA","potentialAction":[{"@type":"SearchAction","target":{"@type":"EntryPoint","urlTemplate":"https:\/\/www.slovklima.sk\/?s={search_term_string}"},"query-input":{"@type":"PropertyValueSpecification","valueRequired":true,"valueName":"search_term_string"}}],"inLanguage":"en-US"},{"@type":"Organization","@id":"https:\/\/www.slovklima.sk\/#organization","name":"SLOVKLIMA DEIMOS group, s.r.o.","alternateName":"SLOVKLIMA","url":"https:\/\/www.slovklima.sk\/","logo":{"@type":"ImageObject","inLanguage":"en-US","@id":"https:\/\/www.slovklima.sk\/#\/schema\/logo\/image\/","url":"https:\/\/www.slovklima.sk\/wp-content\/uploads\/2022\/12\/slovklima-logo-black.svg","contentUrl":"https:\/\/www.slovklima.sk\/wp-content\/uploads\/2022\/12\/slovklima-logo-black.svg","width":3218,"height":698,"caption":"SLOVKLIMA DEIMOS group, s.r.o."},"image":{"@id":"https:\/\/www.slovklima.sk\/#\/schema\/logo\/image\/"}}]}},"_links":{"self":[{"href":"https:\/\/www.slovklima.sk\/en\/wp-json\/wp\/v2\/product\/15556","targetHints":{"allow":["GET"]}}],"collection":[{"href":"https:\/\/www.slovklima.sk\/en\/wp-json\/wp\/v2\/product"}],"about":[{"href":"https:\/\/www.slovklima.sk\/en\/wp-json\/wp\/v2\/types\/product"}],"wp:featuredmedia":[{"embeddable":true,"href":"https:\/\/www.slovklima.sk\/en\/wp-json\/wp\/v2\/media\/15559"}],"wp:attachment":[{"href":"https:\/\/www.slovklima.sk\/en\/wp-json\/wp\/v2\/media?parent=15556"}],"wp:term":[{"taxonomy":"product_brand","embeddable":true,"href":"https:\/\/www.slovklima.sk\/en\/wp-json\/wp\/v2\/product_brand?post=15556"},{"taxonomy":"product_cat","embeddable":true,"href":"https:\/\/www.slovklima.sk\/en\/wp-json\/wp\/v2\/product_cat?post=15556"},{"taxonomy":"product_tag","embeddable":true,"href":"https:\/\/www.slovklima.sk\/en\/wp-json\/wp\/v2\/product_tag?post=15556"}],"curies":[{"name":"wp","href":"https:\/\/api.w.org\/{rel}","templated":true}]}}