{"id":15542,"date":"2025-06-05T11:03:11","date_gmt":"2025-06-05T09:03:11","guid":{"rendered":"https:\/\/www.slovklima.sk\/?post_type=product&#038;p=15542"},"modified":"2025-06-05T11:05:20","modified_gmt":"2025-06-05T09:05:20","slug":"ventil-bezpecnostny-poistny-castel","status":"publish","type":"product","link":"https:\/\/www.slovklima.sk\/en\/product\/ventil-bezpecnostny-poistny-castel\/","title":{"rendered":"Ventil bezpe\u010dnostn\u00fd poistn\u00fd Castel"},"content":{"rendered":"","protected":false},"excerpt":{"rendered":"<p>Poistn\u00e9 bezpe\u010dnostn\u00e9 ventily zabezpe\u010duj\u00fa ochranu syst\u00e9mov pred nadmern\u00fdm tlakom, \u010d\u00edm prispievaj\u00fa k bezpe\u010dnosti a stabilite prev\u00e1dzky. K dispoz\u00edcii s\u00fa v r\u00f4znych konfigur\u00e1ci\u00e1ch, \u010do umo\u017e\u0148uje ich vyu\u017eitie v r\u00f4znych priemyseln\u00fdch aplik\u00e1ci\u00e1ch. Medzi \u010fal\u0161ie v\u00fdhody patr\u00ed, \u017ee ventily poskytuj\u00fa spo\u013eahliv\u00fa ochranu pred pre\u0165a\u017een\u00edm a efekt\u00edvne riadenie tlaku v syst\u00e9moch.<\/p>\n","protected":false},"featured_media":15545,"template":"","meta":[],"product_brand":[],"product_cat":[504,227,274],"product_tag":[],"class_list":{"0":"post-15542","1":"product","2":"type-product","3":"status-publish","4":"has-post-thumbnail","6":"product_cat-shut-off-valves","7":"product_cat-professional-cooling","8":"product_cat-refrigeration-automation","10":"first","11":"instock","12":"shipping-taxable","13":"product-type-simple"},"yoast_head":"<!-- This site is optimized with the Yoast SEO plugin v24.3 - https:\/\/yoast.com\/wordpress\/plugins\/seo\/ -->\n<title>Ventil bezpe\u010dnostn\u00fd poistn\u00fd Castel | SLOVKLIMA DEIMOS group, s.r.o.<\/title>\n<meta name=\"robots\" content=\"index, follow, max-snippet:-1, max-image-preview:large, max-video-preview:-1\" \/>\n<link rel=\"canonical\" href=\"https:\/\/www.slovklima.sk\/en\/product\/ventil-bezpecnostny-poistny-castel\/\" \/>\n<meta property=\"og:locale\" content=\"en_US\" \/>\n<meta property=\"og:type\" content=\"article\" \/>\n<meta property=\"og:title\" content=\"Ventil bezpe\u010dnostn\u00fd poistn\u00fd Castel | SLOVKLIMA DEIMOS group, s.r.o.\" \/>\n<meta property=\"og:description\" content=\"Poistn\u00e9 bezpe\u010dnostn\u00e9 ventily zabezpe\u010duj\u00fa ochranu syst\u00e9mov pred nadmern\u00fdm tlakom, \u010d\u00edm prispievaj\u00fa k bezpe\u010dnosti a stabilite prev\u00e1dzky. K dispoz\u00edcii s\u00fa v r\u00f4znych konfigur\u00e1ci\u00e1ch, \u010do umo\u017e\u0148uje ich vyu\u017eitie v r\u00f4znych priemyseln\u00fdch aplik\u00e1ci\u00e1ch. Medzi \u010fal\u0161ie v\u00fdhody patr\u00ed, \u017ee ventily poskytuj\u00fa spo\u013eahliv\u00fa ochranu pred pre\u0165a\u017een\u00edm a efekt\u00edvne riadenie tlaku v syst\u00e9moch.\" \/>\n<meta property=\"og:url\" content=\"https:\/\/www.slovklima.sk\/en\/product\/ventil-bezpecnostny-poistny-castel\/\" \/>\n<meta property=\"og:site_name\" content=\"SLOVKLIMA DEIMOS group, s.r.o.\" \/>\n<meta property=\"article:modified_time\" content=\"2025-06-05T09:05:20+00:00\" \/>\n<meta property=\"og:image\" content=\"https:\/\/www.slovklima.sk\/wp-content\/uploads\/2025\/06\/Ventil_bezpecnostny_poistny_Castel_3060__82.jpg\" \/>\n\t<meta property=\"og:image:width\" content=\"800\" \/>\n\t<meta property=\"og:image:height\" content=\"1000\" \/>\n\t<meta property=\"og:image:type\" content=\"image\/jpeg\" \/>\n<meta name=\"twitter:card\" content=\"summary_large_image\" \/>\n<meta name=\"twitter:label1\" content=\"Est. reading time\" \/>\n\t<meta name=\"twitter:data1\" content=\"1 minute\" \/>\n<script type=\"application\/ld+json\" class=\"yoast-schema-graph\">{\"@context\":\"https:\/\/schema.org\",\"@graph\":[{\"@type\":\"WebPage\",\"@id\":\"https:\/\/www.slovklima.sk\/en\/product\/ventil-bezpecnostny-poistny-castel\/\",\"url\":\"https:\/\/www.slovklima.sk\/en\/product\/ventil-bezpecnostny-poistny-castel\/\",\"name\":\"Ventil bezpe\u010dnostn\u00fd poistn\u00fd Castel | SLOVKLIMA DEIMOS group, s.r.o.\",\"isPartOf\":{\"@id\":\"https:\/\/www.slovklima.sk\/#website\"},\"primaryImageOfPage\":{\"@id\":\"https:\/\/www.slovklima.sk\/en\/product\/ventil-bezpecnostny-poistny-castel\/#primaryimage\"},\"image\":{\"@id\":\"https:\/\/www.slovklima.sk\/en\/product\/ventil-bezpecnostny-poistny-castel\/#primaryimage\"},\"thumbnailUrl\":\"https:\/\/www.slovklima.sk\/wp-content\/uploads\/2025\/06\/Ventil_bezpecnostny_poistny_Castel_3060__82.jpg\",\"datePublished\":\"2025-06-05T09:03:11+00:00\",\"dateModified\":\"2025-06-05T09:05:20+00:00\",\"breadcrumb\":{\"@id\":\"https:\/\/www.slovklima.sk\/en\/product\/ventil-bezpecnostny-poistny-castel\/#breadcrumb\"},\"inLanguage\":\"en-US\",\"potentialAction\":[{\"@type\":\"ReadAction\",\"target\":[\"https:\/\/www.slovklima.sk\/en\/product\/ventil-bezpecnostny-poistny-castel\/\"]}]},{\"@type\":\"ImageObject\",\"inLanguage\":\"en-US\",\"@id\":\"https:\/\/www.slovklima.sk\/en\/product\/ventil-bezpecnostny-poistny-castel\/#primaryimage\",\"url\":\"https:\/\/www.slovklima.sk\/wp-content\/uploads\/2025\/06\/Ventil_bezpecnostny_poistny_Castel_3060__82.jpg\",\"contentUrl\":\"https:\/\/www.slovklima.sk\/wp-content\/uploads\/2025\/06\/Ventil_bezpecnostny_poistny_Castel_3060__82.jpg\",\"width\":800,\"height\":1000},{\"@type\":\"BreadcrumbList\",\"@id\":\"https:\/\/www.slovklima.sk\/en\/product\/ventil-bezpecnostny-poistny-castel\/#breadcrumb\",\"itemListElement\":[{\"@type\":\"ListItem\",\"position\":1,\"name\":\"Domovsk\u00e1 str\u00e1nka\",\"item\":\"https:\/\/www.slovklima.sk\/en\/\"},{\"@type\":\"ListItem\",\"position\":2,\"name\":\"Products\",\"item\":\"https:\/\/www.slovklima.sk\/en\/products\/\"},{\"@type\":\"ListItem\",\"position\":3,\"name\":\"Ventil bezpe\u010dnostn\u00fd poistn\u00fd Castel\"}]},{\"@type\":\"WebSite\",\"@id\":\"https:\/\/www.slovklima.sk\/#website\",\"url\":\"https:\/\/www.slovklima.sk\/\",\"name\":\"SLOVKLIMA DEIMOS group, s.r.o.\",\"description\":\"\",\"publisher\":{\"@id\":\"https:\/\/www.slovklima.sk\/#organization\"},\"alternateName\":\"SLOVKLIMA\",\"potentialAction\":[{\"@type\":\"SearchAction\",\"target\":{\"@type\":\"EntryPoint\",\"urlTemplate\":\"https:\/\/www.slovklima.sk\/?s={search_term_string}\"},\"query-input\":{\"@type\":\"PropertyValueSpecification\",\"valueRequired\":true,\"valueName\":\"search_term_string\"}}],\"inLanguage\":\"en-US\"},{\"@type\":\"Organization\",\"@id\":\"https:\/\/www.slovklima.sk\/#organization\",\"name\":\"SLOVKLIMA DEIMOS group, s.r.o.\",\"alternateName\":\"SLOVKLIMA\",\"url\":\"https:\/\/www.slovklima.sk\/\",\"logo\":{\"@type\":\"ImageObject\",\"inLanguage\":\"en-US\",\"@id\":\"https:\/\/www.slovklima.sk\/#\/schema\/logo\/image\/\",\"url\":\"https:\/\/www.slovklima.sk\/wp-content\/uploads\/2022\/12\/slovklima-logo-black.svg\",\"contentUrl\":\"https:\/\/www.slovklima.sk\/wp-content\/uploads\/2022\/12\/slovklima-logo-black.svg\",\"width\":3218,\"height\":698,\"caption\":\"SLOVKLIMA DEIMOS group, s.r.o.\"},\"image\":{\"@id\":\"https:\/\/www.slovklima.sk\/#\/schema\/logo\/image\/\"}}]}<\/script>\n<!-- \/ Yoast SEO plugin. -->","yoast_head_json":{"title":"Ventil bezpe\u010dnostn\u00fd poistn\u00fd Castel | SLOVKLIMA DEIMOS group, s.r.o.","robots":{"index":"index","follow":"follow","max-snippet":"max-snippet:-1","max-image-preview":"max-image-preview:large","max-video-preview":"max-video-preview:-1"},"canonical":"https:\/\/www.slovklima.sk\/en\/product\/ventil-bezpecnostny-poistny-castel\/","og_locale":"en_US","og_type":"article","og_title":"Ventil bezpe\u010dnostn\u00fd poistn\u00fd Castel | SLOVKLIMA DEIMOS group, s.r.o.","og_description":"Poistn\u00e9 bezpe\u010dnostn\u00e9 ventily zabezpe\u010duj\u00fa ochranu syst\u00e9mov pred nadmern\u00fdm tlakom, \u010d\u00edm prispievaj\u00fa k bezpe\u010dnosti a stabilite prev\u00e1dzky. K dispoz\u00edcii s\u00fa v r\u00f4znych konfigur\u00e1ci\u00e1ch, \u010do umo\u017e\u0148uje ich vyu\u017eitie v r\u00f4znych priemyseln\u00fdch aplik\u00e1ci\u00e1ch. Medzi \u010fal\u0161ie v\u00fdhody patr\u00ed, \u017ee ventily poskytuj\u00fa spo\u013eahliv\u00fa ochranu pred pre\u0165a\u017een\u00edm a efekt\u00edvne riadenie tlaku v syst\u00e9moch.","og_url":"https:\/\/www.slovklima.sk\/en\/product\/ventil-bezpecnostny-poistny-castel\/","og_site_name":"SLOVKLIMA DEIMOS group, s.r.o.","article_modified_time":"2025-06-05T09:05:20+00:00","og_image":[{"width":800,"height":1000,"url":"https:\/\/www.slovklima.sk\/wp-content\/uploads\/2025\/06\/Ventil_bezpecnostny_poistny_Castel_3060__82.jpg","type":"image\/jpeg"}],"twitter_card":"summary_large_image","twitter_misc":{"Est. reading time":"1 minute"},"schema":{"@context":"https:\/\/schema.org","@graph":[{"@type":"WebPage","@id":"https:\/\/www.slovklima.sk\/en\/product\/ventil-bezpecnostny-poistny-castel\/","url":"https:\/\/www.slovklima.sk\/en\/product\/ventil-bezpecnostny-poistny-castel\/","name":"Ventil bezpe\u010dnostn\u00fd poistn\u00fd Castel | SLOVKLIMA DEIMOS group, s.r.o.","isPartOf":{"@id":"https:\/\/www.slovklima.sk\/#website"},"primaryImageOfPage":{"@id":"https:\/\/www.slovklima.sk\/en\/product\/ventil-bezpecnostny-poistny-castel\/#primaryimage"},"image":{"@id":"https:\/\/www.slovklima.sk\/en\/product\/ventil-bezpecnostny-poistny-castel\/#primaryimage"},"thumbnailUrl":"https:\/\/www.slovklima.sk\/wp-content\/uploads\/2025\/06\/Ventil_bezpecnostny_poistny_Castel_3060__82.jpg","datePublished":"2025-06-05T09:03:11+00:00","dateModified":"2025-06-05T09:05:20+00:00","breadcrumb":{"@id":"https:\/\/www.slovklima.sk\/en\/product\/ventil-bezpecnostny-poistny-castel\/#breadcrumb"},"inLanguage":"en-US","potentialAction":[{"@type":"ReadAction","target":["https:\/\/www.slovklima.sk\/en\/product\/ventil-bezpecnostny-poistny-castel\/"]}]},{"@type":"ImageObject","inLanguage":"en-US","@id":"https:\/\/www.slovklima.sk\/en\/product\/ventil-bezpecnostny-poistny-castel\/#primaryimage","url":"https:\/\/www.slovklima.sk\/wp-content\/uploads\/2025\/06\/Ventil_bezpecnostny_poistny_Castel_3060__82.jpg","contentUrl":"https:\/\/www.slovklima.sk\/wp-content\/uploads\/2025\/06\/Ventil_bezpecnostny_poistny_Castel_3060__82.jpg","width":800,"height":1000},{"@type":"BreadcrumbList","@id":"https:\/\/www.slovklima.sk\/en\/product\/ventil-bezpecnostny-poistny-castel\/#breadcrumb","itemListElement":[{"@type":"ListItem","position":1,"name":"Domovsk\u00e1 str\u00e1nka","item":"https:\/\/www.slovklima.sk\/en\/"},{"@type":"ListItem","position":2,"name":"Products","item":"https:\/\/www.slovklima.sk\/en\/products\/"},{"@type":"ListItem","position":3,"name":"Ventil bezpe\u010dnostn\u00fd poistn\u00fd Castel"}]},{"@type":"WebSite","@id":"https:\/\/www.slovklima.sk\/#website","url":"https:\/\/www.slovklima.sk\/","name":"SLOVKLIMA DEIMOS group, s.r.o.","description":"","publisher":{"@id":"https:\/\/www.slovklima.sk\/#organization"},"alternateName":"SLOVKLIMA","potentialAction":[{"@type":"SearchAction","target":{"@type":"EntryPoint","urlTemplate":"https:\/\/www.slovklima.sk\/?s={search_term_string}"},"query-input":{"@type":"PropertyValueSpecification","valueRequired":true,"valueName":"search_term_string"}}],"inLanguage":"en-US"},{"@type":"Organization","@id":"https:\/\/www.slovklima.sk\/#organization","name":"SLOVKLIMA DEIMOS group, s.r.o.","alternateName":"SLOVKLIMA","url":"https:\/\/www.slovklima.sk\/","logo":{"@type":"ImageObject","inLanguage":"en-US","@id":"https:\/\/www.slovklima.sk\/#\/schema\/logo\/image\/","url":"https:\/\/www.slovklima.sk\/wp-content\/uploads\/2022\/12\/slovklima-logo-black.svg","contentUrl":"https:\/\/www.slovklima.sk\/wp-content\/uploads\/2022\/12\/slovklima-logo-black.svg","width":3218,"height":698,"caption":"SLOVKLIMA DEIMOS group, s.r.o."},"image":{"@id":"https:\/\/www.slovklima.sk\/#\/schema\/logo\/image\/"}}]}},"_links":{"self":[{"href":"https:\/\/www.slovklima.sk\/en\/wp-json\/wp\/v2\/product\/15542","targetHints":{"allow":["GET"]}}],"collection":[{"href":"https:\/\/www.slovklima.sk\/en\/wp-json\/wp\/v2\/product"}],"about":[{"href":"https:\/\/www.slovklima.sk\/en\/wp-json\/wp\/v2\/types\/product"}],"wp:featuredmedia":[{"embeddable":true,"href":"https:\/\/www.slovklima.sk\/en\/wp-json\/wp\/v2\/media\/15545"}],"wp:attachment":[{"href":"https:\/\/www.slovklima.sk\/en\/wp-json\/wp\/v2\/media?parent=15542"}],"wp:term":[{"taxonomy":"product_brand","embeddable":true,"href":"https:\/\/www.slovklima.sk\/en\/wp-json\/wp\/v2\/product_brand?post=15542"},{"taxonomy":"product_cat","embeddable":true,"href":"https:\/\/www.slovklima.sk\/en\/wp-json\/wp\/v2\/product_cat?post=15542"},{"taxonomy":"product_tag","embeddable":true,"href":"https:\/\/www.slovklima.sk\/en\/wp-json\/wp\/v2\/product_tag?post=15542"}],"curies":[{"name":"wp","href":"https:\/\/api.w.org\/{rel}","templated":true}]}}